{"id":17,"date":"2021-01-11T08:45:35","date_gmt":"2021-01-11T08:45:35","guid":{"rendered":"https:\/\/www.smtraductores.com\/fr-fr\/?page_id=17"},"modified":"2021-01-20T15:33:22","modified_gmt":"2021-01-20T15:33:22","slug":"politique-relative-aux-cookies","status":"publish","type":"page","link":"https:\/\/www.smtraductores.com\/fr-fr\/politique-relative-aux-cookies\/","title":{"rendered":"Politique relative aux cookies"},"content":{"rendered":"\n<p>Le Site Web de <strong>Sol Marzellier Traductores<sup>TM<\/sup><\/strong> utilise des cookies aux effets de faciliter l\u2019interaction de visiteurs avec son contenu et de permettre l\u2019\u00e9laboration de statistiques relatives aux visites re\u00e7ues.<\/p>\n\n\n\n<p>Nous vous informons que nous pouvons utiliser les cookies afin de faciliter votre navigation sur le Site Web, vous distinguer des autres utilisateurs, vous offrir une meilleure exp\u00e9rience quant \u00e0 l\u2019usage de celui-ci, ainsi qu\u2019identifier les probl\u00e8mes qui nous permettront d\u2019am\u00e9liorer notre Site Web. De m\u00eame, si vous y consentez, nous utiliserons les cookies qui nous permettent d\u2019obtenir de plus amples informations quant \u00e0 vos pr\u00e9f\u00e9rences et personnaliser notre Site Web conform\u00e9ment \u00e0 vos int\u00e9r\u00eats.<\/p>\n\n\n\n<h2 class=\"wp-block-heading\" id=\"block-36acd8c4-06d6-4176-8e6e-654cc1c43962\">Que sont les cookies ?<\/h2>\n\n\n\n<p>Les cookies sont des petits fichiers qui s\u2019enregistrent sur le navigateur utilis\u00e9 par chaque visiteur de notre Site Web, afin que le serveur puisse se rappeler de la visite de chaque utilisateur lorsque celui-ci ait post\u00e9rieurement et de nouveau acc\u00e8s \u00e0 son contenu. Ces informations ne r\u00e9v\u00e8lent ni votre identit\u00e9, ni aucune donn\u00e9e personnelle, ni acc\u00e8dent au contenu stock\u00e9 dans votre ordinateur, mais permettent cependant \u00e0 notre syst\u00e8me de vous identifier comme un utilisateur d\u00e9termin\u00e9 ayant d\u2019ores-et-d\u00e9j\u00e0 visit\u00e9 le site Web pr\u00e9c\u00e9demment, visualis\u00e9 des pages d\u00e9termin\u00e9es, etc.<\/p>\n\n\n\n<p>En outre, ils permettent \u00e9galement de stocker vos pr\u00e9f\u00e9rences personnelles et les informations techniques (par exemple, les visites r\u00e9alis\u00e9es ou les pages concr\u00e8tement visit\u00e9es).<\/p>\n\n\n\n<p>Conform\u00e9ment \u00e0 la <strong>Directive 2009\/136\/CE<\/strong> transpos\u00e9e dans notre ordonnancement gr\u00e2ce \u00e0 l\u2019alin\u00e9a deux de l\u2019article 22 de la Loi Espagnole sur les Services de la Soci\u00e9t\u00e9 de l\u2019Information et du Commerce \u00c9lectronique, en vertu des directrices de l\u2019<strong>Agence Espagnole pour la Protection des Donn\u00e9es<\/strong>, nous vous informons en d\u00e9tail de l\u2019usage que nous faisons des cookies sur notre Site Web.<\/p>\n\n\n\n<p>La pr\u00e9sente Politique relative aux Cookies a pour objectif de vous informer de mani\u00e8re claire et pr\u00e9cise quant aux cookies utilis\u00e9s sur notre Site Web (ci-apr\u00e8s, la \u00ab&nbsp;Politique relative aux Cookies&nbsp;\u00bb). En ce qui concerne les cookies des tiers, c\u2019est-\u00e0-dire \u00e9trangers \u00e0 notre Site Web, nous ne pouvons pas \u00eatre responsables du contenu et de la v\u00e9racit\u00e9 des politiques de confidentialit\u00e9, les informations que nous vous offrons feront toujours r\u00e9f\u00e9rence \u00e0 la source.<\/p>\n\n\n\n<p>Ci-apr\u00e8s, nous classerons les cookies en fonction d\u2019une s\u00e9rie de cat\u00e9gories. Cependant, il est n\u00e9cessaire de tenir compte du fait qu\u2019un m\u00eame cookie peut \u00eatre compris dans plus d\u2019une cat\u00e9gorie.<\/p>\n\n\n\n<h2 class=\"wp-block-heading\">Types de cookies en fonction de l&rsquo;entit\u00e9 qui les g\u00e8re <\/h2>\n\n\n\n<p>&#8211; <strong>Cookies propres <\/strong>: Cookies envoy\u00e9s au syst\u00e8me de l\u2019utilisateur par un syst\u00e8me ou domaine g\u00e9r\u00e9 par l\u2019\u00e9diteur, o\u00f9 le service requis par l\u2019utilisateur est pr\u00eat\u00e9.<\/p>\n\n\n\n<p><strong>&#8211; Cookies des tiers :<\/strong> Cookies envoy\u00e9s au syst\u00e8me de l\u2019utilisateur par un syst\u00e8me ou domaine non g\u00e9r\u00e9 par l\u2019\u00e9diteur mais par une autre entit\u00e9 traitant les donn\u00e9es.<\/p>\n\n\n\n<h2 class=\"wp-block-heading\">Types de cookies en fonction de leur dur\u00e9e d&rsquo;activit\u00e9<\/h2>\n\n\n\n<p><strong>&#8211; Cookies de session :<\/strong> Cookies con\u00e7us afin de recueillir et de stocker des donn\u00e9es pendant que l\u2019utilisateur acc\u00e8de \u00e0 une page Web.<\/p>\n\n\n\n<p>&#8211; <strong>Cookies persistantes :<\/strong> Cookies dont les donn\u00e9es demeurent stock\u00e9es dans le syst\u00e8me, auxquelles il est possible d\u2019acc\u00e9der et qui sont trait\u00e9es durant une p\u00e9riode d\u00e9finie par le responsable du cookie, dans un d\u00e9lai allant de quelques minutes \u00e0 plusieurs ann\u00e9es.<\/p>\n\n\n\n<h2 class=\"wp-block-heading\">Types de cookies en fonction de leur finalit\u00e9<\/h2>\n\n\n\n<p>&#8211; <strong>Cookies techniques :<\/strong> Cookies permettant \u00e0 l\u2019utilisateur de naviguer sur une page Web, plateforme ou application, ainsi que d\u2019utiliser les diff\u00e9rentes options ou services existants comme, par exemple, le contr\u00f4le du trafic et la communication de donn\u00e9es, l\u2019identification de la session, l\u2019acc\u00e8s \u00e0 des parties dont l\u2019acc\u00e8s est restreint, rappeler les \u00e9l\u00e9ments qui composent une commande, r\u00e9aliser la proc\u00e9dure d\u2019achat d\u2019une commande, r\u00e9aliser la demande d\u2019inscription ou participation \u00e0 un \u00e9v\u00e8nement, l\u2019utilisation d\u2019\u00e9l\u00e9ments de s\u00e9curit\u00e9 pendant la navigation, le stockage des contenus aux effets de la diffusion de vid\u00e9os ou de son, ou le partage de contenus sur les r\u00e9seaux sociaux.<\/p>\n\n\n\n<p>&#8211; <strong>Cookies de personnalisation :<\/strong> Cookies permettant \u00e0 l\u2019utilisateur d\u2019acc\u00e9der au service moyennant certaines caract\u00e9ristiques de nature g\u00e9n\u00e9rale, pr\u00e9d\u00e9finies en fonction d\u2019une s\u00e9rie de crit\u00e8res, sur le syst\u00e8me de l\u2019utilisateur, comme, par exemple, la langue, le type de navigateur permettant d\u2019acc\u00e9der au service, la configuration r\u00e9gionale \u00e0 partir de laquelle il acc\u00e8de au service, etc.<\/p>\n\n\n\n<p><strong>&#8211; Cookies d\u2019analyse : <\/strong>Cookies permettant \u00e0 leur responsable de r\u00e9aliser le suivi et d\u2019analyser le comportement de l\u2019utilisateur des sites Web auxquels ils sont associ\u00e9s. Les informations recueillies moyennant ce type de cookies s\u2019utilisent afin de mesurer l\u2019activit\u00e9 des sites Web, applications ou plates formes, ainsi qu\u2019aux effets de l\u2019\u00e9laboration des profils de navigation des utilisateurs desdits sites Web, applications ou plateformes, afin d\u2019effectuer des am\u00e9liorations en fonction de l\u2019usage r\u00e9alis\u00e9 par l\u2019utilisateur du Site Web et des services.<\/p>\n\n\n\n<p>En ce qui concerne le traitement des donn\u00e9es recueillies gr\u00e2ce aux cookies d\u2019analyse, bien qu\u2019ils ne soient pas exempts du devoir d\u2019obtention d\u2019un consentement \u00e9clair\u00e9 quant \u00e0 leur usage, il est peu probable qu\u2019ils repr\u00e9sentent un risque &nbsp;pour la privacit\u00e9 des utilisateurs sous r\u00e9serve qu\u2019il s\u2019agisse de cookies propres, traitant les donn\u00e9es recueillies dans un but strictement statistique, que des informations soient facilit\u00e9es quant \u00e0 leur usage et que la possibilit\u00e9 pour les utilisateurs de refuser leur utilisation soit envisag\u00e9e.<\/p>\n\n\n\n<p><strong>&#8211; Cookies publicitaires :<\/strong> Cookies permettant la gestion, de la mani\u00e8re la plus efficace possible, des espaces publicitaires que, le cas \u00e9ch\u00e9ant, l\u2019\u00e9diteur ait inclus dans une page Web, application ou plateforme o\u00f9 se pr\u00eate le service sollicit\u00e9<a> <\/a>conform\u00e9ment \u00e0 des crit\u00e8res tels que le contenu \u00e9dit\u00e9 ou la fr\u00e9quence avec laquelle les annonces sont diffus\u00e9es.<\/p>\n\n\n\n<p><strong>&#8211; Cookies de publicit\u00e9 comportementale :<\/strong> Cookies permettant la gestion, de la mani\u00e8re la plus efficace possible, des espaces publicitaires que, le cas \u00e9ch\u00e9ant, l\u2019\u00e9diteur ait inclus dans une page Web, application ou plateforme o\u00f9 se pr\u00eate le service sollicit\u00e9. Ces cookies stockent des informations relatives au comportement des utilisateurs, obtenues moyennant l\u2019observation continue de leurs habitudes de navigation, ce qui permet de d\u00e9velopper un profil sp\u00e9cifique afin de diffuser une publicit\u00e9 en fonction de celui-ci.<\/p>\n\n\n\n<p>Actuellement, la majorit\u00e9 des navigateurs est configur\u00e9e par d\u00e9faut afin de bloquer l\u2019installation de cookies publicitaires ou des tiers dans le syst\u00e8me. L\u2019utilisateur peut \u00e9largir les restrictions d\u2019origine en emp\u00eachant l\u2019entr\u00e9e de tout type de cookie ou, au contraire, \u00e9liminer ces restrictions et accepter l\u2019entr\u00e9e de tout type de cookie. Si vous souhaitez admettre les cookies publicitaires ou des tiers, vous pourrez configurer votre navigateur en cons\u00e9quence.<\/p>\n\n\n\n<p>L\u2019acceptation de l\u2019utilisateur, en cliquant sur le bouton ACCEPTER habilit\u00e9 aux informations initiales, relatives aux cookies, implique qu\u2019il consent express\u00e9ment \u00e0 ce que le responsable en fasse usage, mais il pourra toujours exercer ses droits et r\u00e9voquer son consentement \u00e0 tout moment moyennant une sollicitude adress\u00e9e \u00e0 <strong>Sol Marzellier de Pablo<\/strong>.<\/p>\n\n\n\n<p>Ci-apr\u00e8s, nous vous informons en d\u00e9tail des cookies pouvant \u00eatre install\u00e9s \u00e0 partir de notre Site Web. En fonction de votre navigation, de la configuration de votre navigateur et de l\u2019acceptation ou du refus de ceux-ci, vous pourrez tous les installer ou seulement certaines d\u2019entre eux.<\/p>\n\n\n\n<figure class=\"wp-block-table is-style-stripes\"><table><tbody><tr><td><strong>Cookie<\/strong><\/td><td><strong>Origine<\/strong><strong><\/strong><\/td><td><strong>Finalit\u00e9 et informations<\/strong><\/td><td><strong>&nbsp;<\/strong><\/td><\/tr><tr><td><strong>_ga<\/strong><\/td><td>Utilis\u00e9 afin de distinguer les utilisateurs.<br><\/td><td>2 ans et 1 mois<\/td><td>Google<\/td><\/tr><tr><td><strong>_gat<\/strong><\/td><td>Utilis\u00e9 afin de limiter le pourcentage de sollicitudes.<br><\/td><td>1 minute<\/td><td>Google<\/td><\/tr><tr><td><strong>_gat_gtag_UA_35002413_4<\/strong><\/td><td>Utilis\u00e9 afin de limiter le pourcentage de sollicitudes.<br><\/td><td>1 minute<\/td><td>Google<\/td><\/tr><tr><td><strong>_gid<\/strong><\/td><td>Utilis\u00e9 afin de distinguer les utilisateurs.<br><\/td><td>24 heures<\/td><td>Google<\/td><\/tr><tr><td><strong>smtraductores-cookies<\/strong><\/td><td><\/td><td><\/td><td><\/td><\/tr><tr><td><strong><strong>AWSALB<\/strong><\/strong><\/td><td>Utilis\u00e9 afin de stocker les sollicitudes de l\u2019utilisateur entre serveurs.<br><\/td><td>7 jours<br><br><\/td><td>Amazon Web Services<br><br><\/td><\/tr><tr><td><strong>AWSALBCORS<\/strong><\/td><td>Utilis\u00e9 afin de stocker les sollicitudes de l\u2019utilisateur entre serveurs.<br><br><\/td><td>7 jours<br><br><\/td><td>Amazon Web Services<br><br><\/td><\/tr><tr><td><strong>PHPSESSID<\/strong><\/td><td>Utilis\u00e9 afin de sauvegarder des donn\u00e9es s\u00e9rialis\u00e9es d\u2019\u00e9tat.<\/td><td>Dur\u00e9e de la session de l\u2019utilisateur<br><br><\/td><td>Propre<\/td><\/tr><\/tbody><\/table><\/figure>\n\n\n\n<p>Il est probable que nous actualisions la Politique relative aux Cookies de notre Site Web. Nous vous recommandons donc que vous consultiez cette Politique chaque fois que vous avez acc\u00e8s \u00e0 notre Site Web afin d\u2019\u00eatre correctement inform\u00e9 sur la mani\u00e8re et la finalit\u00e9 d\u2019utilisation des cookies.<\/p>\n\n\n\n<p>La finalit\u00e9 des cookies consiste \u00e0 rendre, pour l\u2019utilisateur, un acc\u00e8s aux services s\u00e9lectionn\u00e9s plus rapide.<\/p>\n\n\n\n<p>Si vous ne souhaitez pas stocker de cookies sur votre navigateur ou pr\u00e9f\u00e9rez recevoir des informations chaque fois qu\u2019un cookie sollicite son installation, vous pouvez configurer vos options de navigation en cons\u00e9quence. La plupart des navigateurs permet de g\u00e9rer les cookies de trois mani\u00e8res diff\u00e9rentes :<\/p>\n\n\n\n<p>&#8211;&nbsp;&nbsp;&nbsp;&nbsp;&nbsp;&nbsp;&nbsp; les cookies sont toujours refus\u00e9s ;<\/p>\n\n\n\n<p>&#8211;&nbsp;&nbsp;&nbsp;&nbsp;&nbsp;&nbsp;&nbsp; le navigateur demande si l\u2019utilisateur souhaite installer chaque cookie ;<\/p>\n\n\n\n<p>&#8211;&nbsp;&nbsp;&nbsp;&nbsp;&nbsp;&nbsp;&nbsp; les cookies sont toujours accept\u00e9s ;<\/p>\n\n\n\n<p>Votre navigateur peut \u00e9galement vous permettre de s\u00e9lectionner de mani\u00e8re d\u00e9taill\u00e9e les cookies que vous souhaitez installer dans votre ordinateur. Concr\u00e8tement, l\u2019utilisateur peut normalement accepter certaines des options suivantes :<\/p>\n\n\n\n<p>&#8211;&nbsp;&nbsp;&nbsp;&nbsp;&nbsp;&nbsp;&nbsp; refuser les cookies provenant de domaines d\u00e9termin\u00e9s ;<\/p>\n\n\n\n<p>&#8211;&nbsp;&nbsp;&nbsp;&nbsp;&nbsp;&nbsp;&nbsp; refuser les cookies des tiers ;<\/p>\n\n\n\n<p>&#8211;&nbsp;&nbsp;&nbsp;&nbsp;&nbsp;&nbsp;&nbsp; accepter les cookies comme non persistants (ils s\u2019\u00e9liminent lors de la fermeture du navigateur) ;<\/p>\n\n\n\n<p>&#8211;&nbsp;&nbsp;&nbsp;&nbsp;&nbsp;&nbsp;&nbsp; permettre au serveur de cr\u00e9er des cookies pour un domaine diff\u00e9rent.<\/p>\n\n\n\n<p>Aux effets de permettre, conna\u00eetre, bloquer ou \u00e9liminer les cookies install\u00e9s dans votre syst\u00e8me, vous devrez configurer les options du navigateur install\u00e9 dans votre ordinateur.<\/p>\n\n\n\n<p>Vous pouvez consulter les informations relatives \u00e0 la mani\u00e8re de configurer les navigateurs les plus usuels ci-apr\u00e8s :<\/p>\n\n\n\n<p>\u2022&nbsp;&nbsp;&nbsp;&nbsp;&nbsp;&nbsp;&nbsp; Internet Explorer : Outils -&gt; Options d\u2019Internet -&gt; Privacit\u00e9 -&gt; Configuration. Afin d\u2019en savoir plus, veuillez consulter l\u2019assistance de Microsoft ou la section Aide du navigateur.<\/p>\n\n\n\n<p>\u2022&nbsp;&nbsp;&nbsp;&nbsp;&nbsp;&nbsp;&nbsp; Firefox : Outils -&gt; Options -&gt; Privacit\u00e9 -&gt; Historique -&gt; Configuration Personnalis\u00e9e. Afin d\u2019en savoir plus, veuillez consulter l\u2019assistance de Mozilla ou la section Aide du navigateur.<\/p>\n\n\n\n<p>\u2022&nbsp;&nbsp;&nbsp;&nbsp;&nbsp;&nbsp;&nbsp; Chrome : Configuration -&gt; Afficher options avanc\u00e9es -&gt; Privacit\u00e9 -&gt; Configuration du contenu. Afin d\u2019en savoir plus, veuillez consulter l\u2019assistance de Google ou la section Aide du navigateur.<\/p>\n\n\n\n<p>\u2022&nbsp;&nbsp;&nbsp;&nbsp;&nbsp;&nbsp;&nbsp; Safari : Pr\u00e9f\u00e9rences -&gt; S\u00e9curit\u00e9. Afin d\u2019en savoir plus, veuillez consulter l\u2019assistance de Apple ou la section Aide du navigateur.<\/p>\n","protected":false},"excerpt":{"rendered":"<p>Le Site Web de Sol Marzellier TraductoresTM utilise des cookies aux effets de faciliter l\u2019interaction de visiteurs avec son contenu et de permettre l\u2019\u00e9laboration de statistiques relatives aux visites re\u00e7ues. Nous vous informons que nous pouvons utiliser les cookies afin de faciliter votre navigation sur le Site Web, vous distinguer des autres utilisateurs, vous offrir [&hellip;]<\/p>\n","protected":false},"author":1,"featured_media":192,"parent":0,"menu_order":0,"comment_status":"closed","ping_status":"closed","template":"templates\/template-legal.php","meta":{"footnotes":""},"class_list":["post-17","page","type-page","status-publish","has-post-thumbnail","hentry"],"yoast_head":"<!-- This site is optimized with the Yoast SEO plugin v24.9 - https:\/\/yoast.com\/wordpress\/plugins\/seo\/ -->\n<title>Politique relative aux cookies - Sol Marzellier Traductores - Le vrai sense<\/title>\n<meta name=\"robots\" content=\"index, follow, max-snippet:-1, max-image-preview:large, max-video-preview:-1\" \/>\n<link rel=\"canonical\" href=\"https:\/\/www.smtraductores.com\/fr-fr\/politique-relative-aux-cookies\/\" \/>\n<meta property=\"og:locale\" content=\"fr_FR\" \/>\n<meta property=\"og:type\" content=\"article\" \/>\n<meta property=\"og:title\" content=\"Politique relative aux cookies - Sol Marzellier Traductores - Le vrai sense\" \/>\n<meta property=\"og:description\" content=\"Le Site Web de Sol Marzellier TraductoresTM utilise des cookies aux effets de faciliter l\u2019interaction de visiteurs avec son contenu et de permettre l\u2019\u00e9laboration de statistiques relatives aux visites re\u00e7ues. Nous vous informons que nous pouvons utiliser les cookies afin de faciliter votre navigation sur le Site Web, vous distinguer des autres utilisateurs, vous offrir [&hellip;]\" \/>\n<meta property=\"og:url\" content=\"https:\/\/www.smtraductores.com\/fr-fr\/politique-relative-aux-cookies\/\" \/>\n<meta property=\"og:site_name\" content=\"Sol Marzellier Traductores - Le vrai sense\" \/>\n<meta property=\"article:modified_time\" content=\"2021-01-20T15:33:22+00:00\" \/>\n<meta property=\"og:image\" content=\"https:\/\/web.smtraductores.com\/wp-content\/uploads\/sites\/3\/2021\/01\/20153318\/alemania-1.jpg\" \/>\n\t<meta property=\"og:image:width\" content=\"2560\" \/>\n\t<meta property=\"og:image:height\" content=\"701\" \/>\n\t<meta property=\"og:image:type\" content=\"image\/jpeg\" \/>\n<meta name=\"twitter:card\" content=\"summary_large_image\" \/>\n<meta name=\"twitter:label1\" content=\"Dur\u00e9e de lecture estim\u00e9e\" \/>\n\t<meta name=\"twitter:data1\" content=\"9 minutes\" \/>\n<script type=\"application\/ld+json\" class=\"yoast-schema-graph\">{\"@context\":\"https:\/\/schema.org\",\"@graph\":[{\"@type\":\"WebPage\",\"@id\":\"https:\/\/www.smtraductores.com\/fr-fr\/politique-relative-aux-cookies\/\",\"url\":\"https:\/\/www.smtraductores.com\/fr-fr\/politique-relative-aux-cookies\/\",\"name\":\"Politique relative aux cookies - Sol Marzellier Traductores - Le vrai sense\",\"isPartOf\":{\"@id\":\"https:\/\/www.smtraductores.com\/fr-fr\/#website\"},\"primaryImageOfPage\":{\"@id\":\"https:\/\/www.smtraductores.com\/fr-fr\/politique-relative-aux-cookies\/#primaryimage\"},\"image\":{\"@id\":\"https:\/\/www.smtraductores.com\/fr-fr\/politique-relative-aux-cookies\/#primaryimage\"},\"thumbnailUrl\":\"https:\/\/web.smtraductores.com\/wp-content\/uploads\/sites\/3\/2021\/01\/20153318\/alemania-1.jpg\",\"datePublished\":\"2021-01-11T08:45:35+00:00\",\"dateModified\":\"2021-01-20T15:33:22+00:00\",\"breadcrumb\":{\"@id\":\"https:\/\/www.smtraductores.com\/fr-fr\/politique-relative-aux-cookies\/#breadcrumb\"},\"inLanguage\":\"fr-FR\",\"potentialAction\":[{\"@type\":\"ReadAction\",\"target\":[\"https:\/\/www.smtraductores.com\/fr-fr\/politique-relative-aux-cookies\/\"]}]},{\"@type\":\"ImageObject\",\"inLanguage\":\"fr-FR\",\"@id\":\"https:\/\/www.smtraductores.com\/fr-fr\/politique-relative-aux-cookies\/#primaryimage\",\"url\":\"https:\/\/web.smtraductores.com\/wp-content\/uploads\/sites\/3\/2021\/01\/20153318\/alemania-1.jpg\",\"contentUrl\":\"https:\/\/web.smtraductores.com\/wp-content\/uploads\/sites\/3\/2021\/01\/20153318\/alemania-1.jpg\",\"width\":2560,\"height\":701},{\"@type\":\"BreadcrumbList\",\"@id\":\"https:\/\/www.smtraductores.com\/fr-fr\/politique-relative-aux-cookies\/#breadcrumb\",\"itemListElement\":[{\"@type\":\"ListItem\",\"position\":1,\"name\":\"Portada\",\"item\":\"https:\/\/www.smtraductores.com\/fr-fr\/\"},{\"@type\":\"ListItem\",\"position\":2,\"name\":\"Politique relative aux cookies\"}]},{\"@type\":\"WebSite\",\"@id\":\"https:\/\/www.smtraductores.com\/fr-fr\/#website\",\"url\":\"https:\/\/www.smtraductores.com\/fr-fr\/\",\"name\":\"Sol Marzellier Traductores - Le vrai sense\",\"description\":\"Otro sitio m\u00e1s de Sol Marzellier Traductores sitios\",\"potentialAction\":[{\"@type\":\"SearchAction\",\"target\":{\"@type\":\"EntryPoint\",\"urlTemplate\":\"https:\/\/www.smtraductores.com\/fr-fr\/?s={search_term_string}\"},\"query-input\":{\"@type\":\"PropertyValueSpecification\",\"valueRequired\":true,\"valueName\":\"search_term_string\"}}],\"inLanguage\":\"fr-FR\"}]}<\/script>\n<!-- \/ Yoast SEO plugin. -->","yoast_head_json":{"title":"Politique relative aux cookies - Sol Marzellier Traductores - Le vrai sense","robots":{"index":"index","follow":"follow","max-snippet":"max-snippet:-1","max-image-preview":"max-image-preview:large","max-video-preview":"max-video-preview:-1"},"canonical":"https:\/\/www.smtraductores.com\/fr-fr\/politique-relative-aux-cookies\/","og_locale":"fr_FR","og_type":"article","og_title":"Politique relative aux cookies - Sol Marzellier Traductores - Le vrai sense","og_description":"Le Site Web de Sol Marzellier TraductoresTM utilise des cookies aux effets de faciliter l\u2019interaction de visiteurs avec son contenu et de permettre l\u2019\u00e9laboration de statistiques relatives aux visites re\u00e7ues. Nous vous informons que nous pouvons utiliser les cookies afin de faciliter votre navigation sur le Site Web, vous distinguer des autres utilisateurs, vous offrir [&hellip;]","og_url":"https:\/\/www.smtraductores.com\/fr-fr\/politique-relative-aux-cookies\/","og_site_name":"Sol Marzellier Traductores - Le vrai sense","article_modified_time":"2021-01-20T15:33:22+00:00","og_image":[{"width":2560,"height":701,"url":"https:\/\/web.smtraductores.com\/wp-content\/uploads\/sites\/3\/2021\/01\/20153318\/alemania-1.jpg","type":"image\/jpeg"}],"twitter_card":"summary_large_image","twitter_misc":{"Dur\u00e9e de lecture estim\u00e9e":"9 minutes"},"schema":{"@context":"https:\/\/schema.org","@graph":[{"@type":"WebPage","@id":"https:\/\/www.smtraductores.com\/fr-fr\/politique-relative-aux-cookies\/","url":"https:\/\/www.smtraductores.com\/fr-fr\/politique-relative-aux-cookies\/","name":"Politique relative aux cookies - Sol Marzellier Traductores - Le vrai sense","isPartOf":{"@id":"https:\/\/www.smtraductores.com\/fr-fr\/#website"},"primaryImageOfPage":{"@id":"https:\/\/www.smtraductores.com\/fr-fr\/politique-relative-aux-cookies\/#primaryimage"},"image":{"@id":"https:\/\/www.smtraductores.com\/fr-fr\/politique-relative-aux-cookies\/#primaryimage"},"thumbnailUrl":"https:\/\/web.smtraductores.com\/wp-content\/uploads\/sites\/3\/2021\/01\/20153318\/alemania-1.jpg","datePublished":"2021-01-11T08:45:35+00:00","dateModified":"2021-01-20T15:33:22+00:00","breadcrumb":{"@id":"https:\/\/www.smtraductores.com\/fr-fr\/politique-relative-aux-cookies\/#breadcrumb"},"inLanguage":"fr-FR","potentialAction":[{"@type":"ReadAction","target":["https:\/\/www.smtraductores.com\/fr-fr\/politique-relative-aux-cookies\/"]}]},{"@type":"ImageObject","inLanguage":"fr-FR","@id":"https:\/\/www.smtraductores.com\/fr-fr\/politique-relative-aux-cookies\/#primaryimage","url":"https:\/\/web.smtraductores.com\/wp-content\/uploads\/sites\/3\/2021\/01\/20153318\/alemania-1.jpg","contentUrl":"https:\/\/web.smtraductores.com\/wp-content\/uploads\/sites\/3\/2021\/01\/20153318\/alemania-1.jpg","width":2560,"height":701},{"@type":"BreadcrumbList","@id":"https:\/\/www.smtraductores.com\/fr-fr\/politique-relative-aux-cookies\/#breadcrumb","itemListElement":[{"@type":"ListItem","position":1,"name":"Portada","item":"https:\/\/www.smtraductores.com\/fr-fr\/"},{"@type":"ListItem","position":2,"name":"Politique relative aux cookies"}]},{"@type":"WebSite","@id":"https:\/\/www.smtraductores.com\/fr-fr\/#website","url":"https:\/\/www.smtraductores.com\/fr-fr\/","name":"Sol Marzellier Traductores - Le vrai sense","description":"Otro sitio m\u00e1s de Sol Marzellier Traductores sitios","potentialAction":[{"@type":"SearchAction","target":{"@type":"EntryPoint","urlTemplate":"https:\/\/www.smtraductores.com\/fr-fr\/?s={search_term_string}"},"query-input":{"@type":"PropertyValueSpecification","valueRequired":true,"valueName":"search_term_string"}}],"inLanguage":"fr-FR"}]}},"_links":{"self":[{"href":"https:\/\/www.smtraductores.com\/fr-fr\/wp-json\/wp\/v2\/pages\/17","targetHints":{"allow":["GET"]}}],"collection":[{"href":"https:\/\/www.smtraductores.com\/fr-fr\/wp-json\/wp\/v2\/pages"}],"about":[{"href":"https:\/\/www.smtraductores.com\/fr-fr\/wp-json\/wp\/v2\/types\/page"}],"author":[{"embeddable":true,"href":"https:\/\/www.smtraductores.com\/fr-fr\/wp-json\/wp\/v2\/users\/1"}],"replies":[{"embeddable":true,"href":"https:\/\/www.smtraductores.com\/fr-fr\/wp-json\/wp\/v2\/comments?post=17"}],"version-history":[{"count":23,"href":"https:\/\/www.smtraductores.com\/fr-fr\/wp-json\/wp\/v2\/pages\/17\/revisions"}],"predecessor-version":[{"id":180,"href":"https:\/\/www.smtraductores.com\/fr-fr\/wp-json\/wp\/v2\/pages\/17\/revisions\/180"}],"wp:featuredmedia":[{"embeddable":true,"href":"https:\/\/www.smtraductores.com\/fr-fr\/wp-json\/wp\/v2\/media\/192"}],"wp:attachment":[{"href":"https:\/\/www.smtraductores.com\/fr-fr\/wp-json\/wp\/v2\/media?parent=17"}],"curies":[{"name":"wp","href":"https:\/\/api.w.org\/{rel}","templated":true}]}}