{"id":19,"date":"2021-01-11T08:46:03","date_gmt":"2021-01-11T08:46:03","guid":{"rendered":"https:\/\/www.smtraductores.com\/fr-fr\/?page_id=19"},"modified":"2021-01-16T15:56:55","modified_gmt":"2021-01-16T15:56:55","slug":"notice-legale","status":"publish","type":"page","link":"https:\/\/www.smtraductores.com\/fr-fr\/notice-legale\/","title":{"rendered":"Notice L\u00e9gale"},"content":{"rendered":"\n<p>Les utilisateurs pourront consulter, au moyen de la pr\u00e9sente Notice L\u00e9gale, toutes les informations relatives aux conditions juridiques qui d\u00e9finissent les relations entre les utilisateurs et le responsable du Site Web, accessible \u00e0 l\u2019adresse URL suivante : <a href=\"https:\/\/www.smtraductores.com\">https:\/\/www.smtraductores.com<\/a> (ci-apr\u00e8s, le \u00ab&nbsp;Site Web&nbsp;\u00bb), que <strong>Sol Marzellier Traductores <sup>TM<\/sup><\/strong> met \u00e0 disposition des utilisateurs d\u2019Internet.<\/p>\n\n\n\n<p>L\u2019utilisation du Site Web impliquera l\u2019acceptation, pleine et sans r\u00e9serve, de toutes et chacune des dispositions comprises \u00e0 la pr\u00e9sente Notice L\u00e9gale. En cons\u00e9quence, les utilisateurs du Site Web devront lire attentivement cette derni\u00e8re chaque fois qu\u2019ils acc\u00e8dent et\/ou utilisent le Site Web puisque le texte pourrait \u00eatre modifi\u00e9 par le titulaire de celui-ci, ou en raison d\u2019un changement l\u00e9gislatif ou jurisprudentiel, ou encore de la pratique entrepreneuriale.<\/p>\n\n\n\n<h2 class=\"wp-block-heading\">Donn\u00e9es du responsable et titulaire du Site Web<\/h2>\n\n\n\n<p>Nom du titulaire : <strong>Sol Marzellier de Pablo<\/strong><\/p>\n\n\n\n<p>Domicile social : calle Claudio Coello 51, Portal 1, 4\u00ba Centro Izquierda, 28001 MADRID, ESPAGNE<\/p>\n\n\n\n<p>N.I.E. : ES-X2250149J<\/p>\n\n\n\n<p>Num\u00e9ro de t\u00e9l\u00e9phone de contact : +34 91 435 71 78 (ext. 102)<\/p>\n\n\n\n<p>E-mail : smarzellier@smtraductores.com<\/p>\n\n\n\n<p><strong>Sol Marzellier de Pablo<\/strong> est responsable du Site Web et s\u2019engage \u00e0 respecter tous les pr\u00e9requis nationaux et europ\u00e9ens qui r\u00e8glementent l\u2019usage des donn\u00e9es personnelles des utilisateurs.<\/p>\n\n\n\n<p>Le pr\u00e9sent Site Web garantit la protection et la confidentialit\u00e9 des donn\u00e9es personnelles facilit\u00e9es par vos soins, conform\u00e9ment aux dispositions du<strong> R\u00e8glement G\u00e9n\u00e9ral sur la Protection des Donn\u00e9es Personnelles (UE) 2016\/679 (RGPD), <\/strong>en date du 27 avril 2016, la <strong>Loi Organique Espagnole 3\/2018 sur la Protection des Donn\u00e9es Personnelles et la Garantie des Droits Digitaux<\/strong>, ainsi que la <strong>Loi Espagnole sur les Services de la Soci\u00e9t\u00e9 de l\u2019Information et du Commerce \u00c9lectronique 34\/2002 (LSSI-CE), <\/strong>en date du 11 juillet 2002.<\/p>\n\n\n\n<h2 class=\"wp-block-heading\">Objet<\/h2>\n\n\n\n<p>Le Site Web facilite \u00e0 ses utilisateurs (personnes et\/ou organisations int\u00e9ress\u00e9es) l\u2019acc\u00e8s aux informations et services pr\u00eat\u00e9s par <strong>Sol Marzellier Traductores<sup>TM<\/sup><\/strong><strong><sup> <\/sup><\/strong>.<\/p>\n\n\n\n<p>L\u2019acc\u00e8s et l\u2019utilisation du Site Web attribuent la condition d\u2019utilisateur de ce dernier (ci-apr\u00e8s, l\u2019 \u00ab&nbsp;Utilisateur&nbsp;\u00bb) et impliquent l\u2019acceptation de toutes les conditions comprises \u00e0 la pr\u00e9sente Notice L\u00e9gale, ainsi que ses modifications. La dur\u00e9e de la prestation du service du Site Web se limite au moment o\u00f9 l\u2019Utilisateur est connect\u00e9 \u00e0 celui-ci ou \u00e0 l\u2019un des services mis \u00e0 disposition. En cons\u00e9quence, l\u2019Utilisateur devra lire attentivement la pr\u00e9sente Notice L\u00e9gale chaque fois o\u00f9 il aura acc\u00e8s et utilisera le Site Web, car ce dernier et ses conditions d\u2019usage, stipul\u00e9es \u00e0 cette Notice, seront susceptibles de subir des modifications.<\/p>\n\n\n\n<h2 class=\"wp-block-heading\">Acc\u00e8s et utilisation du Site Web<\/h2>\n\n\n\n<p>1.&nbsp;&nbsp;&nbsp;&nbsp; L\u2019acc\u00e8s au Site Web, ainsi que son utilisation, seront gratuits. L\u2019acc\u00e8s au Site Web sera gratuit pour ses Utilisateurs, sous r\u00e9serve des frais de connexion moyennant le r\u00e9seau des t\u00e9l\u00e9communications fournie par le prestataire que les Utilisateurs aient engag\u00e9.<\/p>\n\n\n\n<p>2.&nbsp;&nbsp;&nbsp;&nbsp; Inscription des Utilisateurs. De mani\u00e8re g\u00e9n\u00e9rale, l\u2019acc\u00e8s et l\u2019utilisation du Site Web n\u2019entra\u00eene pas la souscription ou l\u2019inscription pr\u00e9alable des Utilisateurs de celui-ci.<\/p>\n\n\n\n<p>3.&nbsp;&nbsp;&nbsp;&nbsp; Les Utilisateurs garantissent et se responsabilisent, en tout cas, de l\u2019exactitude, la vigueur et l\u2019authenticit\u00e9 des donn\u00e9es personnelles facilit\u00e9es, et s\u2019engagent \u00e0 les tenir d\u00fbment \u00e0 jour. Les Utilisateurs acceptent de fournir des informations compl\u00e8tes et correctes au moyen du formulaire de contact ou de l\u2019inscription.<\/p>\n\n\n\n<p>Le consentement des parents ou tuteurs sera requis dans le cas des mineurs de treize ans, aux effets du traitement de leurs donn\u00e9es personnelles.<\/p>\n\n\n\n<p>En aucun cas, des donn\u00e9es relatives \u00e0 la situation professionnelle, \u00e9conomique ou la privacit\u00e9 des autres membres de la famille ne seront recueillies aupr\u00e8s du mineur sans le consentement de ces derniers. Si tu es mineur de treize ans et as acc\u00e9d\u00e9 au pr\u00e9sent Site Web sans en informer tes parents, tu ne dois pas t\u2019inscrire en qualit\u00e9 d\u2019Utilisateur.<\/p>\n\n\n\n<p>Ce Site Web respecte et prend soin des donn\u00e9es personnelles des Utilisateurs. En tant que tel, vous devez savoir que vos droits sont garantis.<\/p>\n\n\n\n<h2 class=\"wp-block-heading\">Contenus du Site Web<\/h2>\n\n\n\n<p>Les langues utilis\u00e9es par le titulaire du Site Web seront celles dans lesquelles les services sont pr\u00eat\u00e9s. <strong>Sol Marzellier de Pablo<\/strong> ne sera pas responsable de la non compr\u00e9hension desdites langues par les Utilisateurs, ni de ses cons\u00e9quences.<\/p>\n\n\n\n<p><strong>Sol Marzellier de Pablo<\/strong> pourra modifier les contenus sans pr\u00e9avis, supprimer et modifier ceux-ci au sein du Site Web, ainsi que la mani\u00e8re d\u2019acc\u00e9der \u00e0 ceux-ci, librement et sans aucune justification, et ne sera pas responsable des cons\u00e9quences que ces modifications puissent entra\u00eener pour les Utilisateurs.<\/p>\n\n\n\n<p>L\u2019usage des contenus du Site Web est interdit aux effets de promouvoir, souscrire ou divulguer des publicit\u00e9s ou des informations propres ou des tiers sans le consentement de <strong>Sol Marzellier de Pablo<\/strong>, ainsi que la remise de publicit\u00e9 ou d\u2019informations moyennant les services ou informations mises \u00e0 la disposition des Utilisateurs, ind\u00e9pendamment du fait que l\u2019utilisation soit gratuite ou non. Les liens ou hyperliens incorpor\u00e9s par les tiers \u00e0 leurs pages Web, adress\u00e9s au pr\u00e9sent Site Web, ouvriront celui-ci dans son int\u00e9gralit\u00e9 et ne pourront pas \u00eatre constitutifs, directement ou indirectement, d\u2019indications qui soient fausses, inexactes ou confuses, ni encourir en des actions d\u00e9loyales ou illicites \u00e0 l\u2019encontre de <strong>Sol Marzellier de Pablo<\/strong>.<\/p>\n\n\n\n<h2 class=\"wp-block-heading\">Mesures de s\u00e9curit\u00e9<\/h2>\n\n\n\n<p>Les donn\u00e9es personnelles facilit\u00e9es par les Utilisateurs pourront \u00eatre stock\u00e9es dans des bases de donn\u00e9es automatis\u00e9es ou non, dont <strong>Sol Marzellier de Pablo<\/strong> est la titulaire exclusive et, en cons\u00e9quence, prend toutes les mesures de nature technique, organisationnelle et de s\u00e9curit\u00e9 susceptibles de garantir la confidentialit\u00e9, int\u00e9grit\u00e9 et qualit\u00e9 des informations qu\u2019elles contiennent, conform\u00e9ment aux dispositions des r\u00e8glementations en vigueur relatives \u00e0 la protection des donn\u00e9es personnelles.<\/p>\n\n\n\n<h2 class=\"wp-block-heading\">Limitation de responsabilit\u00e9<\/h2>\n\n\n\n<p>Les Utilisateurs seront responsables de l\u2019acc\u00e8s au Site Web, ainsi que de l\u2019usage non consenti susceptible de pouvoir \u00eatre effectu\u00e9 eu \u00e9gard aux informations que celui-ci contient. <strong>Sol Marzellier de Pablo<\/strong> ne sera pas responsable des cons\u00e9quences, dommages ou pr\u00e9judices d\u00e9riv\u00e9s d\u2019un tel acc\u00e8s ou usage. <strong>Sol Marzellier de Pablo<\/strong> ne sera pas responsable des erreurs potentielles de s\u00e9curit\u00e9 qui soient susceptibles de se produire, ni des dommages pouvant \u00eatre caus\u00e9s au syst\u00e8me informatique des Utilisateurs (mat\u00e9riel et logiciel), ou aux fichiers ou documents stock\u00e9s, en raison&nbsp;:<\/p>\n\n\n\n<p>&#8211; de la pr\u00e9sence d\u2019un virus dans l\u2019ordinateur des Utilisateurs employ\u00e9 aux effets de la connexion aux services et contenus du Site Web.<\/p>\n\n\n\n<p>&#8211; d\u2019un mauvais fonctionnement du navigateur.<\/p>\n\n\n\n<p>&#8211; et\/ou de l\u2019usage de versions non actualis\u00e9es de celui-ci.<\/p>\n\n\n\n<p><strong>Sol Marzellier de Pablo<\/strong> ne sera pas responsable de la fiabilit\u00e9 et rapidit\u00e9 des hyperliens incorpor\u00e9s au Site Web aux effets de l\u2019acc\u00e8s \u00e0 d\u2019autres sites. <strong>Sol Marzellier de Pablo<\/strong> ne garantit pas l\u2019utilit\u00e9 desdits liens, ni sera responsable des contenus ou services auxquels les Utilisateurs puissent avoir acc\u00e8s moyennant lesdits liens, ni du fonctionnement correct de ces sites Web.<\/p>\n\n\n\n<p><strong>Sol Marzellier de Pablo<\/strong> ne sera pas responsable des virus ou autres programmes informatiques d\u00e9t\u00e9riorant ou susceptibles de d\u00e9t\u00e9riorer les syst\u00e8mes ou \u00e9quipements informatiques des Utilisateurs lorsque ceux-ci acc\u00e8dent au Site Web ou autres sites moyennant les liens compris au pr\u00e9sent Site Web.<\/p>\n\n\n\n<h2 class=\"wp-block-heading\">Utilisation de la technologie \u00ab COOKIE \u00bb <\/h2>\n\n\n\n<p>Le Site Web peut utiliser des cookies ou technologies similaires qui se r\u00e9giront conform\u00e9ment aux dispositions de la <a href=\"https:\/\/www.smtraductores.com\/fr-fr\/politique-relative-aux-cookies\/\" data-type=\"page\" data-id=\"17\">Politique relative aux Cookies<\/a>, accessible \u00e0 tout moment, tout en respectant la confidentialit\u00e9 et privacit\u00e9 des Utilisateurs, puisqu\u2019elle forme partie int\u00e9grante de la pr\u00e9sente Notice L\u00e9gale.<\/p>\n\n\n\n<h2 class=\"wp-block-heading\">Navigation<\/h2>\n\n\n\n<p>Les serveurs d\u2019Internet peuvent recueillir des donn\u00e9es non indentifiables, susceptibles de comprendre des adresses IP, ainsi que d\u2019autres donn\u00e9es qui ne peuvent pas \u00eatre utilis\u00e9es aux effets d\u2019identifier les Utilisateurs. Votre adresse IP sera automatiquement stock\u00e9e dans les logs d\u2019acc\u00e8s aux seuls effets de permettre le transit sur Internet, votre syst\u00e8me devant faciliter cette adresse IP lorsque vous naviguez sur Internet afin que les communications puissent \u00eatre r\u00e9alis\u00e9es. De m\u00eame, l\u2019adresse IP pourra \u00eatre utilis\u00e9e afin de d\u00e9velopper des statistiques anonymes relatives au nombre de visiteurs du pr\u00e9sent Site Web et leur provenance, de mani\u00e8re totalement transparente quant \u00e0 la navigation.<\/p>\n\n\n\n<h2 class=\"wp-block-heading\">Propri\u00e9t\u00e9 intellectuelle et propri\u00e9t\u00e9 industrielle<\/h2>\n\n\n\n<p>Les Utilisateurs connaissent et acceptent que <strong>Sol Marzellier de Pablo<\/strong> est propri\u00e9taire de tous les contenus et\/ou tout autre \u00e9l\u00e9ment du Site Web et s\u2019engagent \u00e0 respecter les droits de propri\u00e9t\u00e9 intellectuelle et industrielle de la titulaire de celui-ci et\/ou des tiers. Le Site Web et\/ou ses contenus devront \u00eatre destin\u00e9s \u00e0 un usage exclusivement particulier.<\/p>\n\n\n\n<p>Toute forme de copie, reproduction, distribution, communication publique, transformation et, en g\u00e9n\u00e9ral, toute autre action similaire, en totalit\u00e9 ou partie qui composent le Site Web, sont strictement interdits sans l\u2019autorisation expresse, pr\u00e9alable et par \u00e9crit de&nbsp;<strong>Sol Marzellier de Pablo<\/strong>.<\/p>\n\n\n\n<h2 class=\"wp-block-heading\">Legislation applicable et ressort comp\u00e9tent<\/h2>\n\n\n\n<p>La pr\u00e9sente Notice L\u00e9gale sera interpr\u00e9t\u00e9e et r\u00e9gie conform\u00e9ment \u00e0 la l\u00e9gislation espagnole.<\/p>\n\n\n\n<p><strong>Sol Marzellier de Pablo<\/strong> et les Utilisateurs renoncent express\u00e9ment \u00e0 tout ressort susceptible de leur correspondre et se soumettent \u00e0 celui des tribunaux et des cours du domicile de ces derniers aux effets de la r\u00e9solution de tout diff\u00e9rend d\u00e9riv\u00e9 de l\u2019acc\u00e8s et\/ou l\u2019utilisation du Site Web. Si les Utilisateurs r\u00e9sident hors de l\u2019Espagne, <strong>Sol Marzellier de Pablo<\/strong> et ceux-ci se soumettent, en renon\u00e7ant express\u00e9ment \u00e0 tout autre ressort, \u00e0 celui des tribunaux et des cours de la ville de Madrid.<\/p>\n","protected":false},"excerpt":{"rendered":"<p>Les utilisateurs pourront consulter, au moyen de la pr\u00e9sente Notice L\u00e9gale, toutes les informations relatives aux conditions juridiques qui d\u00e9finissent les relations entre les utilisateurs et le responsable du Site Web, accessible \u00e0 l\u2019adresse URL suivante : https:\/\/www.smtraductores.com (ci-apr\u00e8s, le \u00ab&nbsp;Site Web&nbsp;\u00bb), que Sol Marzellier Traductores TM met \u00e0 disposition des utilisateurs d\u2019Internet. L\u2019utilisation du [&hellip;]<\/p>\n","protected":false},"author":1,"featured_media":98,"parent":0,"menu_order":0,"comment_status":"closed","ping_status":"closed","template":"templates\/template-legal.php","meta":{"footnotes":""},"class_list":["post-19","page","type-page","status-publish","has-post-thumbnail","hentry"],"yoast_head":"<!-- This site is optimized with the Yoast SEO plugin v24.9 - https:\/\/yoast.com\/wordpress\/plugins\/seo\/ -->\n<title>Notice L\u00e9gale - Sol Marzellier Traductores - Le vrai sense<\/title>\n<meta name=\"robots\" content=\"index, follow, max-snippet:-1, max-image-preview:large, max-video-preview:-1\" \/>\n<link rel=\"canonical\" href=\"https:\/\/www.smtraductores.com\/fr-fr\/notice-legale\/\" \/>\n<meta property=\"og:locale\" content=\"fr_FR\" \/>\n<meta property=\"og:type\" content=\"article\" \/>\n<meta property=\"og:title\" content=\"Notice L\u00e9gale - Sol Marzellier Traductores - Le vrai sense\" \/>\n<meta property=\"og:description\" content=\"Les utilisateurs pourront consulter, au moyen de la pr\u00e9sente Notice L\u00e9gale, toutes les informations relatives aux conditions juridiques qui d\u00e9finissent les relations entre les utilisateurs et le responsable du Site Web, accessible \u00e0 l\u2019adresse URL suivante : https:\/\/www.smtraductores.com (ci-apr\u00e8s, le \u00ab&nbsp;Site Web&nbsp;\u00bb), que Sol Marzellier Traductores TM met \u00e0 disposition des utilisateurs d\u2019Internet. L\u2019utilisation du [&hellip;]\" \/>\n<meta property=\"og:url\" content=\"https:\/\/www.smtraductores.com\/fr-fr\/notice-legale\/\" \/>\n<meta property=\"og:site_name\" content=\"Sol Marzellier Traductores - Le vrai sense\" \/>\n<meta property=\"article:modified_time\" content=\"2021-01-16T15:56:55+00:00\" \/>\n<meta property=\"og:image\" content=\"https:\/\/web.smtraductores.com\/wp-content\/uploads\/sites\/3\/2021\/01\/11160635\/china.jpg\" \/>\n\t<meta property=\"og:image:width\" content=\"1600\" \/>\n\t<meta property=\"og:image:height\" content=\"700\" \/>\n\t<meta property=\"og:image:type\" content=\"image\/jpeg\" \/>\n<meta name=\"twitter:card\" content=\"summary_large_image\" \/>\n<meta name=\"twitter:label1\" content=\"Dur\u00e9e de lecture estim\u00e9e\" \/>\n\t<meta name=\"twitter:data1\" content=\"8 minutes\" \/>\n<script type=\"application\/ld+json\" class=\"yoast-schema-graph\">{\"@context\":\"https:\/\/schema.org\",\"@graph\":[{\"@type\":\"WebPage\",\"@id\":\"https:\/\/www.smtraductores.com\/fr-fr\/notice-legale\/\",\"url\":\"https:\/\/www.smtraductores.com\/fr-fr\/notice-legale\/\",\"name\":\"Notice L\u00e9gale - Sol Marzellier Traductores - Le vrai sense\",\"isPartOf\":{\"@id\":\"https:\/\/www.smtraductores.com\/fr-fr\/#website\"},\"primaryImageOfPage\":{\"@id\":\"https:\/\/www.smtraductores.com\/fr-fr\/notice-legale\/#primaryimage\"},\"image\":{\"@id\":\"https:\/\/www.smtraductores.com\/fr-fr\/notice-legale\/#primaryimage\"},\"thumbnailUrl\":\"https:\/\/web.smtraductores.com\/wp-content\/uploads\/sites\/3\/2021\/01\/11160635\/china.jpg\",\"datePublished\":\"2021-01-11T08:46:03+00:00\",\"dateModified\":\"2021-01-16T15:56:55+00:00\",\"breadcrumb\":{\"@id\":\"https:\/\/www.smtraductores.com\/fr-fr\/notice-legale\/#breadcrumb\"},\"inLanguage\":\"fr-FR\",\"potentialAction\":[{\"@type\":\"ReadAction\",\"target\":[\"https:\/\/www.smtraductores.com\/fr-fr\/notice-legale\/\"]}]},{\"@type\":\"ImageObject\",\"inLanguage\":\"fr-FR\",\"@id\":\"https:\/\/www.smtraductores.com\/fr-fr\/notice-legale\/#primaryimage\",\"url\":\"https:\/\/web.smtraductores.com\/wp-content\/uploads\/sites\/3\/2021\/01\/11160635\/china.jpg\",\"contentUrl\":\"https:\/\/web.smtraductores.com\/wp-content\/uploads\/sites\/3\/2021\/01\/11160635\/china.jpg\",\"width\":1600,\"height\":700},{\"@type\":\"BreadcrumbList\",\"@id\":\"https:\/\/www.smtraductores.com\/fr-fr\/notice-legale\/#breadcrumb\",\"itemListElement\":[{\"@type\":\"ListItem\",\"position\":1,\"name\":\"Portada\",\"item\":\"https:\/\/www.smtraductores.com\/fr-fr\/\"},{\"@type\":\"ListItem\",\"position\":2,\"name\":\"Notice L\u00e9gale\"}]},{\"@type\":\"WebSite\",\"@id\":\"https:\/\/www.smtraductores.com\/fr-fr\/#website\",\"url\":\"https:\/\/www.smtraductores.com\/fr-fr\/\",\"name\":\"Sol Marzellier Traductores - Le vrai sense\",\"description\":\"Otro sitio m\u00e1s de Sol Marzellier Traductores sitios\",\"potentialAction\":[{\"@type\":\"SearchAction\",\"target\":{\"@type\":\"EntryPoint\",\"urlTemplate\":\"https:\/\/www.smtraductores.com\/fr-fr\/?s={search_term_string}\"},\"query-input\":{\"@type\":\"PropertyValueSpecification\",\"valueRequired\":true,\"valueName\":\"search_term_string\"}}],\"inLanguage\":\"fr-FR\"}]}<\/script>\n<!-- \/ Yoast SEO plugin. -->","yoast_head_json":{"title":"Notice L\u00e9gale - Sol Marzellier Traductores - Le vrai sense","robots":{"index":"index","follow":"follow","max-snippet":"max-snippet:-1","max-image-preview":"max-image-preview:large","max-video-preview":"max-video-preview:-1"},"canonical":"https:\/\/www.smtraductores.com\/fr-fr\/notice-legale\/","og_locale":"fr_FR","og_type":"article","og_title":"Notice L\u00e9gale - Sol Marzellier Traductores - Le vrai sense","og_description":"Les utilisateurs pourront consulter, au moyen de la pr\u00e9sente Notice L\u00e9gale, toutes les informations relatives aux conditions juridiques qui d\u00e9finissent les relations entre les utilisateurs et le responsable du Site Web, accessible \u00e0 l\u2019adresse URL suivante : https:\/\/www.smtraductores.com (ci-apr\u00e8s, le \u00ab&nbsp;Site Web&nbsp;\u00bb), que Sol Marzellier Traductores TM met \u00e0 disposition des utilisateurs d\u2019Internet. L\u2019utilisation du [&hellip;]","og_url":"https:\/\/www.smtraductores.com\/fr-fr\/notice-legale\/","og_site_name":"Sol Marzellier Traductores - Le vrai sense","article_modified_time":"2021-01-16T15:56:55+00:00","og_image":[{"width":1600,"height":700,"url":"https:\/\/web.smtraductores.com\/wp-content\/uploads\/sites\/3\/2021\/01\/11160635\/china.jpg","type":"image\/jpeg"}],"twitter_card":"summary_large_image","twitter_misc":{"Dur\u00e9e de lecture estim\u00e9e":"8 minutes"},"schema":{"@context":"https:\/\/schema.org","@graph":[{"@type":"WebPage","@id":"https:\/\/www.smtraductores.com\/fr-fr\/notice-legale\/","url":"https:\/\/www.smtraductores.com\/fr-fr\/notice-legale\/","name":"Notice L\u00e9gale - Sol Marzellier Traductores - Le vrai sense","isPartOf":{"@id":"https:\/\/www.smtraductores.com\/fr-fr\/#website"},"primaryImageOfPage":{"@id":"https:\/\/www.smtraductores.com\/fr-fr\/notice-legale\/#primaryimage"},"image":{"@id":"https:\/\/www.smtraductores.com\/fr-fr\/notice-legale\/#primaryimage"},"thumbnailUrl":"https:\/\/web.smtraductores.com\/wp-content\/uploads\/sites\/3\/2021\/01\/11160635\/china.jpg","datePublished":"2021-01-11T08:46:03+00:00","dateModified":"2021-01-16T15:56:55+00:00","breadcrumb":{"@id":"https:\/\/www.smtraductores.com\/fr-fr\/notice-legale\/#breadcrumb"},"inLanguage":"fr-FR","potentialAction":[{"@type":"ReadAction","target":["https:\/\/www.smtraductores.com\/fr-fr\/notice-legale\/"]}]},{"@type":"ImageObject","inLanguage":"fr-FR","@id":"https:\/\/www.smtraductores.com\/fr-fr\/notice-legale\/#primaryimage","url":"https:\/\/web.smtraductores.com\/wp-content\/uploads\/sites\/3\/2021\/01\/11160635\/china.jpg","contentUrl":"https:\/\/web.smtraductores.com\/wp-content\/uploads\/sites\/3\/2021\/01\/11160635\/china.jpg","width":1600,"height":700},{"@type":"BreadcrumbList","@id":"https:\/\/www.smtraductores.com\/fr-fr\/notice-legale\/#breadcrumb","itemListElement":[{"@type":"ListItem","position":1,"name":"Portada","item":"https:\/\/www.smtraductores.com\/fr-fr\/"},{"@type":"ListItem","position":2,"name":"Notice L\u00e9gale"}]},{"@type":"WebSite","@id":"https:\/\/www.smtraductores.com\/fr-fr\/#website","url":"https:\/\/www.smtraductores.com\/fr-fr\/","name":"Sol Marzellier Traductores - Le vrai sense","description":"Otro sitio m\u00e1s de Sol Marzellier Traductores sitios","potentialAction":[{"@type":"SearchAction","target":{"@type":"EntryPoint","urlTemplate":"https:\/\/www.smtraductores.com\/fr-fr\/?s={search_term_string}"},"query-input":{"@type":"PropertyValueSpecification","valueRequired":true,"valueName":"search_term_string"}}],"inLanguage":"fr-FR"}]}},"_links":{"self":[{"href":"https:\/\/www.smtraductores.com\/fr-fr\/wp-json\/wp\/v2\/pages\/19","targetHints":{"allow":["GET"]}}],"collection":[{"href":"https:\/\/www.smtraductores.com\/fr-fr\/wp-json\/wp\/v2\/pages"}],"about":[{"href":"https:\/\/www.smtraductores.com\/fr-fr\/wp-json\/wp\/v2\/types\/page"}],"author":[{"embeddable":true,"href":"https:\/\/www.smtraductores.com\/fr-fr\/wp-json\/wp\/v2\/users\/1"}],"replies":[{"embeddable":true,"href":"https:\/\/www.smtraductores.com\/fr-fr\/wp-json\/wp\/v2\/comments?post=19"}],"version-history":[{"count":24,"href":"https:\/\/www.smtraductores.com\/fr-fr\/wp-json\/wp\/v2\/pages\/19\/revisions"}],"predecessor-version":[{"id":150,"href":"https:\/\/www.smtraductores.com\/fr-fr\/wp-json\/wp\/v2\/pages\/19\/revisions\/150"}],"wp:featuredmedia":[{"embeddable":true,"href":"https:\/\/www.smtraductores.com\/fr-fr\/wp-json\/wp\/v2\/media\/98"}],"wp:attachment":[{"href":"https:\/\/www.smtraductores.com\/fr-fr\/wp-json\/wp\/v2\/media?parent=19"}],"curies":[{"name":"wp","href":"https:\/\/api.w.org\/{rel}","templated":true}]}}