{"id":31,"date":"2021-01-11T12:20:26","date_gmt":"2021-01-11T12:20:26","guid":{"rendered":"https:\/\/www.smtraductores.com\/fr-fr\/?page_id=31"},"modified":"2021-02-23T10:15:06","modified_gmt":"2021-02-23T10:15:06","slug":"notre-methodologie","status":"publish","type":"page","link":"https:\/\/www.smtraductores.com\/fr-fr\/notre-methodologie\/","title":{"rendered":"Notre m\u00e9thodologie"},"content":{"rendered":"\n<h2 class=\"wp-block-heading\">La garantie du succ\u00e8s de nos projets<\/h2>\n\n\n\n<p>Telle que l\u2019exige la l\u00e9gislation actuelle, aussi bien europ\u00e9enne que sa transposition dans l\u2019ordonnancement juridique espagnol, relative \u00e0 la Protection des Donn\u00e9es de Caract\u00e8re Personnel, nous avons sign\u00e9 des Accords de Confidentialit\u00e9 avec tous nos clients et collaborateurs.<\/p>\n\n\n\n<p>Nous respectons strictement la r\u00e8glementation depuis trois ans, \u00e0 compter de la mise en \u0153uvre du RGPD.<\/p>\n","protected":false},"excerpt":{"rendered":"<p>La garantie du succ\u00e8s de nos projets Telle que l\u2019exige la l\u00e9gislation actuelle, aussi bien europ\u00e9enne que sa transposition dans l\u2019ordonnancement juridique espagnol, relative \u00e0 la Protection des Donn\u00e9es de Caract\u00e8re Personnel, nous avons sign\u00e9 des Accords de Confidentialit\u00e9 avec tous nos clients et collaborateurs. Nous respectons strictement la r\u00e8glementation depuis trois ans, \u00e0 compter [&hellip;]<\/p>\n","protected":false},"author":1,"featured_media":262,"parent":0,"menu_order":0,"comment_status":"closed","ping_status":"closed","template":"templates\/template-methodology.php","meta":{"footnotes":""},"class_list":["post-31","page","type-page","status-publish","has-post-thumbnail","hentry"],"yoast_head":"<!-- This site is optimized with the Yoast SEO plugin v24.9 - https:\/\/yoast.com\/wordpress\/plugins\/seo\/ -->\n<title>Notre m\u00e9thodologie - Sol Marzellier Traductores - Le vrai sense<\/title>\n<meta name=\"robots\" content=\"index, follow, max-snippet:-1, max-image-preview:large, max-video-preview:-1\" \/>\n<link rel=\"canonical\" href=\"https:\/\/www.smtraductores.com\/fr-fr\/notre-methodologie\/\" \/>\n<meta property=\"og:locale\" content=\"fr_FR\" \/>\n<meta property=\"og:type\" content=\"article\" \/>\n<meta property=\"og:title\" content=\"Notre m\u00e9thodologie - Sol Marzellier Traductores - Le vrai sense\" \/>\n<meta property=\"og:description\" content=\"La garantie du succ\u00e8s de nos projets Telle que l\u2019exige la l\u00e9gislation actuelle, aussi bien europ\u00e9enne que sa transposition dans l\u2019ordonnancement juridique espagnol, relative \u00e0 la Protection des Donn\u00e9es de Caract\u00e8re Personnel, nous avons sign\u00e9 des Accords de Confidentialit\u00e9 avec tous nos clients et collaborateurs. Nous respectons strictement la r\u00e8glementation depuis trois ans, \u00e0 compter [&hellip;]\" \/>\n<meta property=\"og:url\" content=\"https:\/\/www.smtraductores.com\/fr-fr\/notre-methodologie\/\" \/>\n<meta property=\"og:site_name\" content=\"Sol Marzellier Traductores - Le vrai sense\" \/>\n<meta property=\"article:modified_time\" content=\"2021-02-23T10:15:06+00:00\" \/>\n<meta property=\"og:image\" content=\"https:\/\/web.smtraductores.com\/wp-content\/uploads\/sites\/3\/2021\/02\/09070135\/roma.jpg\" \/>\n\t<meta property=\"og:image:width\" content=\"1600\" \/>\n\t<meta property=\"og:image:height\" content=\"700\" \/>\n\t<meta property=\"og:image:type\" content=\"image\/jpeg\" \/>\n<meta name=\"twitter:card\" content=\"summary_large_image\" \/>\n<meta name=\"twitter:label1\" content=\"Dur\u00e9e de lecture estim\u00e9e\" \/>\n\t<meta name=\"twitter:data1\" content=\"1 minute\" \/>\n<script type=\"application\/ld+json\" class=\"yoast-schema-graph\">{\"@context\":\"https:\/\/schema.org\",\"@graph\":[{\"@type\":\"WebPage\",\"@id\":\"https:\/\/www.smtraductores.com\/fr-fr\/notre-methodologie\/\",\"url\":\"https:\/\/www.smtraductores.com\/fr-fr\/notre-methodologie\/\",\"name\":\"Notre m\u00e9thodologie - Sol Marzellier Traductores - Le vrai sense\",\"isPartOf\":{\"@id\":\"https:\/\/www.smtraductores.com\/fr-fr\/#website\"},\"primaryImageOfPage\":{\"@id\":\"https:\/\/www.smtraductores.com\/fr-fr\/notre-methodologie\/#primaryimage\"},\"image\":{\"@id\":\"https:\/\/www.smtraductores.com\/fr-fr\/notre-methodologie\/#primaryimage\"},\"thumbnailUrl\":\"https:\/\/web.smtraductores.com\/wp-content\/uploads\/sites\/3\/2021\/02\/09070135\/roma.jpg\",\"datePublished\":\"2021-01-11T12:20:26+00:00\",\"dateModified\":\"2021-02-23T10:15:06+00:00\",\"breadcrumb\":{\"@id\":\"https:\/\/www.smtraductores.com\/fr-fr\/notre-methodologie\/#breadcrumb\"},\"inLanguage\":\"fr-FR\",\"potentialAction\":[{\"@type\":\"ReadAction\",\"target\":[\"https:\/\/www.smtraductores.com\/fr-fr\/notre-methodologie\/\"]}]},{\"@type\":\"ImageObject\",\"inLanguage\":\"fr-FR\",\"@id\":\"https:\/\/www.smtraductores.com\/fr-fr\/notre-methodologie\/#primaryimage\",\"url\":\"https:\/\/web.smtraductores.com\/wp-content\/uploads\/sites\/3\/2021\/02\/09070135\/roma.jpg\",\"contentUrl\":\"https:\/\/web.smtraductores.com\/wp-content\/uploads\/sites\/3\/2021\/02\/09070135\/roma.jpg\",\"width\":1600,\"height\":700},{\"@type\":\"BreadcrumbList\",\"@id\":\"https:\/\/www.smtraductores.com\/fr-fr\/notre-methodologie\/#breadcrumb\",\"itemListElement\":[{\"@type\":\"ListItem\",\"position\":1,\"name\":\"Portada\",\"item\":\"https:\/\/www.smtraductores.com\/fr-fr\/\"},{\"@type\":\"ListItem\",\"position\":2,\"name\":\"Notre m\u00e9thodologie\"}]},{\"@type\":\"WebSite\",\"@id\":\"https:\/\/www.smtraductores.com\/fr-fr\/#website\",\"url\":\"https:\/\/www.smtraductores.com\/fr-fr\/\",\"name\":\"Sol Marzellier Traductores - Le vrai sense\",\"description\":\"Otro sitio m\u00e1s de Sol Marzellier Traductores sitios\",\"potentialAction\":[{\"@type\":\"SearchAction\",\"target\":{\"@type\":\"EntryPoint\",\"urlTemplate\":\"https:\/\/www.smtraductores.com\/fr-fr\/?s={search_term_string}\"},\"query-input\":{\"@type\":\"PropertyValueSpecification\",\"valueRequired\":true,\"valueName\":\"search_term_string\"}}],\"inLanguage\":\"fr-FR\"}]}<\/script>\n<!-- \/ Yoast SEO plugin. -->","yoast_head_json":{"title":"Notre m\u00e9thodologie - Sol Marzellier Traductores - Le vrai sense","robots":{"index":"index","follow":"follow","max-snippet":"max-snippet:-1","max-image-preview":"max-image-preview:large","max-video-preview":"max-video-preview:-1"},"canonical":"https:\/\/www.smtraductores.com\/fr-fr\/notre-methodologie\/","og_locale":"fr_FR","og_type":"article","og_title":"Notre m\u00e9thodologie - Sol Marzellier Traductores - Le vrai sense","og_description":"La garantie du succ\u00e8s de nos projets Telle que l\u2019exige la l\u00e9gislation actuelle, aussi bien europ\u00e9enne que sa transposition dans l\u2019ordonnancement juridique espagnol, relative \u00e0 la Protection des Donn\u00e9es de Caract\u00e8re Personnel, nous avons sign\u00e9 des Accords de Confidentialit\u00e9 avec tous nos clients et collaborateurs. Nous respectons strictement la r\u00e8glementation depuis trois ans, \u00e0 compter [&hellip;]","og_url":"https:\/\/www.smtraductores.com\/fr-fr\/notre-methodologie\/","og_site_name":"Sol Marzellier Traductores - Le vrai sense","article_modified_time":"2021-02-23T10:15:06+00:00","og_image":[{"width":1600,"height":700,"url":"https:\/\/web.smtraductores.com\/wp-content\/uploads\/sites\/3\/2021\/02\/09070135\/roma.jpg","type":"image\/jpeg"}],"twitter_card":"summary_large_image","twitter_misc":{"Dur\u00e9e de lecture estim\u00e9e":"1 minute"},"schema":{"@context":"https:\/\/schema.org","@graph":[{"@type":"WebPage","@id":"https:\/\/www.smtraductores.com\/fr-fr\/notre-methodologie\/","url":"https:\/\/www.smtraductores.com\/fr-fr\/notre-methodologie\/","name":"Notre m\u00e9thodologie - Sol Marzellier Traductores - Le vrai sense","isPartOf":{"@id":"https:\/\/www.smtraductores.com\/fr-fr\/#website"},"primaryImageOfPage":{"@id":"https:\/\/www.smtraductores.com\/fr-fr\/notre-methodologie\/#primaryimage"},"image":{"@id":"https:\/\/www.smtraductores.com\/fr-fr\/notre-methodologie\/#primaryimage"},"thumbnailUrl":"https:\/\/web.smtraductores.com\/wp-content\/uploads\/sites\/3\/2021\/02\/09070135\/roma.jpg","datePublished":"2021-01-11T12:20:26+00:00","dateModified":"2021-02-23T10:15:06+00:00","breadcrumb":{"@id":"https:\/\/www.smtraductores.com\/fr-fr\/notre-methodologie\/#breadcrumb"},"inLanguage":"fr-FR","potentialAction":[{"@type":"ReadAction","target":["https:\/\/www.smtraductores.com\/fr-fr\/notre-methodologie\/"]}]},{"@type":"ImageObject","inLanguage":"fr-FR","@id":"https:\/\/www.smtraductores.com\/fr-fr\/notre-methodologie\/#primaryimage","url":"https:\/\/web.smtraductores.com\/wp-content\/uploads\/sites\/3\/2021\/02\/09070135\/roma.jpg","contentUrl":"https:\/\/web.smtraductores.com\/wp-content\/uploads\/sites\/3\/2021\/02\/09070135\/roma.jpg","width":1600,"height":700},{"@type":"BreadcrumbList","@id":"https:\/\/www.smtraductores.com\/fr-fr\/notre-methodologie\/#breadcrumb","itemListElement":[{"@type":"ListItem","position":1,"name":"Portada","item":"https:\/\/www.smtraductores.com\/fr-fr\/"},{"@type":"ListItem","position":2,"name":"Notre m\u00e9thodologie"}]},{"@type":"WebSite","@id":"https:\/\/www.smtraductores.com\/fr-fr\/#website","url":"https:\/\/www.smtraductores.com\/fr-fr\/","name":"Sol Marzellier Traductores - Le vrai sense","description":"Otro sitio m\u00e1s de Sol Marzellier Traductores sitios","potentialAction":[{"@type":"SearchAction","target":{"@type":"EntryPoint","urlTemplate":"https:\/\/www.smtraductores.com\/fr-fr\/?s={search_term_string}"},"query-input":{"@type":"PropertyValueSpecification","valueRequired":true,"valueName":"search_term_string"}}],"inLanguage":"fr-FR"}]}},"_links":{"self":[{"href":"https:\/\/www.smtraductores.com\/fr-fr\/wp-json\/wp\/v2\/pages\/31","targetHints":{"allow":["GET"]}}],"collection":[{"href":"https:\/\/www.smtraductores.com\/fr-fr\/wp-json\/wp\/v2\/pages"}],"about":[{"href":"https:\/\/www.smtraductores.com\/fr-fr\/wp-json\/wp\/v2\/types\/page"}],"author":[{"embeddable":true,"href":"https:\/\/www.smtraductores.com\/fr-fr\/wp-json\/wp\/v2\/users\/1"}],"replies":[{"embeddable":true,"href":"https:\/\/www.smtraductores.com\/fr-fr\/wp-json\/wp\/v2\/comments?post=31"}],"version-history":[{"count":2,"href":"https:\/\/www.smtraductores.com\/fr-fr\/wp-json\/wp\/v2\/pages\/31\/revisions"}],"predecessor-version":[{"id":260,"href":"https:\/\/www.smtraductores.com\/fr-fr\/wp-json\/wp\/v2\/pages\/31\/revisions\/260"}],"wp:featuredmedia":[{"embeddable":true,"href":"https:\/\/www.smtraductores.com\/fr-fr\/wp-json\/wp\/v2\/media\/262"}],"wp:attachment":[{"href":"https:\/\/www.smtraductores.com\/fr-fr\/wp-json\/wp\/v2\/media?parent=31"}],"curies":[{"name":"wp","href":"https:\/\/api.w.org\/{rel}","templated":true}]}}