{"id":6,"date":"2021-01-11T08:38:08","date_gmt":"2021-01-11T08:38:08","guid":{"rendered":"https:\/\/www.smtraductores.com\/fr-fr\/?page_id=6"},"modified":"2021-02-06T07:29:08","modified_gmt":"2021-02-06T07:29:08","slug":"notre-equipe","status":"publish","type":"page","link":"https:\/\/www.smtraductores.com\/fr-fr\/notre-equipe\/","title":{"rendered":"Notre \u00e9quipe"},"content":{"rendered":"\n<h2 class=\"wp-block-heading\">Notre philosophie<\/h2>\n\n\n\n<p><\/p>\n\n\n\n<p>La qualit\u00e9 de notre travail et la satisfaction de nos clients.<\/p>\n\n\n\n<p>Notre philosophie se fonde sur les valeurs cl\u00e9s ci-apr\u00e8s&nbsp;:<\/p>\n\n\n\n<p>Confiance, transparence, ponctualit\u00e9, adaptabilit\u00e9, int\u00e9grit\u00e9 et bien-\u00eatre. Nous sommes aupr\u00e8s de nos clients pendant toute la dur\u00e9e du projet, en agissant m\u00eame en qualit\u00e9 de consultants.<\/p>\n\n\n\n<p>Le d\u00e9veloppement de notre travail s\u2019appuie \u00e9galement sur une valeur cl\u00e9 \u00e0 ce jour&nbsp;: la traduction humaine, la seule qui puisse g\u00e9rer les terminologies si sp\u00e9cifiques, employ\u00e9es par nos domaines de sp\u00e9cialisation.<\/p>\n","protected":false},"excerpt":{"rendered":"<p>Notre philosophie La qualit\u00e9 de notre travail et la satisfaction de nos clients. Notre philosophie se fonde sur les valeurs cl\u00e9s ci-apr\u00e8s&nbsp;: Confiance, transparence, ponctualit\u00e9, adaptabilit\u00e9, int\u00e9grit\u00e9 et bien-\u00eatre. Nous sommes aupr\u00e8s de nos clients pendant toute la dur\u00e9e du projet, en agissant m\u00eame en qualit\u00e9 de consultants. Le d\u00e9veloppement de notre travail s\u2019appuie \u00e9galement [&hellip;]<\/p>\n","protected":false},"author":1,"featured_media":203,"parent":0,"menu_order":0,"comment_status":"closed","ping_status":"closed","template":"templates\/template-about.php","meta":{"footnotes":""},"class_list":["post-6","page","type-page","status-publish","has-post-thumbnail","hentry"],"yoast_head":"<!-- This site is optimized with the Yoast SEO plugin v24.9 - https:\/\/yoast.com\/wordpress\/plugins\/seo\/ -->\n<title>Notre \u00e9quipe - Sol Marzellier Traductores - Le vrai sense<\/title>\n<meta name=\"robots\" content=\"index, follow, max-snippet:-1, max-image-preview:large, max-video-preview:-1\" \/>\n<link rel=\"canonical\" href=\"https:\/\/www.smtraductores.com\/fr-fr\/notre-equipe\/\" \/>\n<meta property=\"og:locale\" content=\"fr_FR\" \/>\n<meta property=\"og:type\" content=\"article\" \/>\n<meta property=\"og:title\" content=\"Notre \u00e9quipe - Sol Marzellier Traductores - Le vrai sense\" \/>\n<meta property=\"og:description\" content=\"Notre philosophie La qualit\u00e9 de notre travail et la satisfaction de nos clients. Notre philosophie se fonde sur les valeurs cl\u00e9s ci-apr\u00e8s&nbsp;: Confiance, transparence, ponctualit\u00e9, adaptabilit\u00e9, int\u00e9grit\u00e9 et bien-\u00eatre. Nous sommes aupr\u00e8s de nos clients pendant toute la dur\u00e9e du projet, en agissant m\u00eame en qualit\u00e9 de consultants. Le d\u00e9veloppement de notre travail s\u2019appuie \u00e9galement [&hellip;]\" \/>\n<meta property=\"og:url\" content=\"https:\/\/www.smtraductores.com\/fr-fr\/notre-equipe\/\" \/>\n<meta property=\"og:site_name\" content=\"Sol Marzellier Traductores - Le vrai sense\" \/>\n<meta property=\"article:modified_time\" content=\"2021-02-06T07:29:08+00:00\" \/>\n<meta property=\"og:image\" content=\"https:\/\/web.smtraductores.com\/wp-content\/uploads\/sites\/3\/2021\/02\/04115858\/shutterstock_1022975599.jpg\" \/>\n\t<meta property=\"og:image:width\" content=\"1000\" \/>\n\t<meta property=\"og:image:height\" content=\"312\" \/>\n\t<meta property=\"og:image:type\" content=\"image\/jpeg\" \/>\n<meta name=\"twitter:card\" content=\"summary_large_image\" \/>\n<script type=\"application\/ld+json\" class=\"yoast-schema-graph\">{\"@context\":\"https:\/\/schema.org\",\"@graph\":[{\"@type\":\"WebPage\",\"@id\":\"https:\/\/www.smtraductores.com\/fr-fr\/notre-equipe\/\",\"url\":\"https:\/\/www.smtraductores.com\/fr-fr\/notre-equipe\/\",\"name\":\"Notre \u00e9quipe - Sol Marzellier Traductores - Le vrai sense\",\"isPartOf\":{\"@id\":\"https:\/\/www.smtraductores.com\/fr-fr\/#website\"},\"primaryImageOfPage\":{\"@id\":\"https:\/\/www.smtraductores.com\/fr-fr\/notre-equipe\/#primaryimage\"},\"image\":{\"@id\":\"https:\/\/www.smtraductores.com\/fr-fr\/notre-equipe\/#primaryimage\"},\"thumbnailUrl\":\"https:\/\/web.smtraductores.com\/wp-content\/uploads\/sites\/3\/2021\/02\/04115858\/shutterstock_1022975599.jpg\",\"datePublished\":\"2021-01-11T08:38:08+00:00\",\"dateModified\":\"2021-02-06T07:29:08+00:00\",\"breadcrumb\":{\"@id\":\"https:\/\/www.smtraductores.com\/fr-fr\/notre-equipe\/#breadcrumb\"},\"inLanguage\":\"fr-FR\",\"potentialAction\":[{\"@type\":\"ReadAction\",\"target\":[\"https:\/\/www.smtraductores.com\/fr-fr\/notre-equipe\/\"]}]},{\"@type\":\"ImageObject\",\"inLanguage\":\"fr-FR\",\"@id\":\"https:\/\/www.smtraductores.com\/fr-fr\/notre-equipe\/#primaryimage\",\"url\":\"https:\/\/web.smtraductores.com\/wp-content\/uploads\/sites\/3\/2021\/02\/04115858\/shutterstock_1022975599.jpg\",\"contentUrl\":\"https:\/\/web.smtraductores.com\/wp-content\/uploads\/sites\/3\/2021\/02\/04115858\/shutterstock_1022975599.jpg\",\"width\":1000,\"height\":312},{\"@type\":\"BreadcrumbList\",\"@id\":\"https:\/\/www.smtraductores.com\/fr-fr\/notre-equipe\/#breadcrumb\",\"itemListElement\":[{\"@type\":\"ListItem\",\"position\":1,\"name\":\"Portada\",\"item\":\"https:\/\/www.smtraductores.com\/fr-fr\/\"},{\"@type\":\"ListItem\",\"position\":2,\"name\":\"Notre \u00e9quipe\"}]},{\"@type\":\"WebSite\",\"@id\":\"https:\/\/www.smtraductores.com\/fr-fr\/#website\",\"url\":\"https:\/\/www.smtraductores.com\/fr-fr\/\",\"name\":\"Sol Marzellier Traductores - Le vrai sense\",\"description\":\"Otro sitio m\u00e1s de Sol Marzellier Traductores sitios\",\"potentialAction\":[{\"@type\":\"SearchAction\",\"target\":{\"@type\":\"EntryPoint\",\"urlTemplate\":\"https:\/\/www.smtraductores.com\/fr-fr\/?s={search_term_string}\"},\"query-input\":{\"@type\":\"PropertyValueSpecification\",\"valueRequired\":true,\"valueName\":\"search_term_string\"}}],\"inLanguage\":\"fr-FR\"}]}<\/script>\n<!-- \/ Yoast SEO plugin. -->","yoast_head_json":{"title":"Notre \u00e9quipe - Sol Marzellier Traductores - Le vrai sense","robots":{"index":"index","follow":"follow","max-snippet":"max-snippet:-1","max-image-preview":"max-image-preview:large","max-video-preview":"max-video-preview:-1"},"canonical":"https:\/\/www.smtraductores.com\/fr-fr\/notre-equipe\/","og_locale":"fr_FR","og_type":"article","og_title":"Notre \u00e9quipe - Sol Marzellier Traductores - Le vrai sense","og_description":"Notre philosophie La qualit\u00e9 de notre travail et la satisfaction de nos clients. Notre philosophie se fonde sur les valeurs cl\u00e9s ci-apr\u00e8s&nbsp;: Confiance, transparence, ponctualit\u00e9, adaptabilit\u00e9, int\u00e9grit\u00e9 et bien-\u00eatre. Nous sommes aupr\u00e8s de nos clients pendant toute la dur\u00e9e du projet, en agissant m\u00eame en qualit\u00e9 de consultants. Le d\u00e9veloppement de notre travail s\u2019appuie \u00e9galement [&hellip;]","og_url":"https:\/\/www.smtraductores.com\/fr-fr\/notre-equipe\/","og_site_name":"Sol Marzellier Traductores - Le vrai sense","article_modified_time":"2021-02-06T07:29:08+00:00","og_image":[{"width":1000,"height":312,"url":"https:\/\/web.smtraductores.com\/wp-content\/uploads\/sites\/3\/2021\/02\/04115858\/shutterstock_1022975599.jpg","type":"image\/jpeg"}],"twitter_card":"summary_large_image","schema":{"@context":"https:\/\/schema.org","@graph":[{"@type":"WebPage","@id":"https:\/\/www.smtraductores.com\/fr-fr\/notre-equipe\/","url":"https:\/\/www.smtraductores.com\/fr-fr\/notre-equipe\/","name":"Notre \u00e9quipe - Sol Marzellier Traductores - Le vrai sense","isPartOf":{"@id":"https:\/\/www.smtraductores.com\/fr-fr\/#website"},"primaryImageOfPage":{"@id":"https:\/\/www.smtraductores.com\/fr-fr\/notre-equipe\/#primaryimage"},"image":{"@id":"https:\/\/www.smtraductores.com\/fr-fr\/notre-equipe\/#primaryimage"},"thumbnailUrl":"https:\/\/web.smtraductores.com\/wp-content\/uploads\/sites\/3\/2021\/02\/04115858\/shutterstock_1022975599.jpg","datePublished":"2021-01-11T08:38:08+00:00","dateModified":"2021-02-06T07:29:08+00:00","breadcrumb":{"@id":"https:\/\/www.smtraductores.com\/fr-fr\/notre-equipe\/#breadcrumb"},"inLanguage":"fr-FR","potentialAction":[{"@type":"ReadAction","target":["https:\/\/www.smtraductores.com\/fr-fr\/notre-equipe\/"]}]},{"@type":"ImageObject","inLanguage":"fr-FR","@id":"https:\/\/www.smtraductores.com\/fr-fr\/notre-equipe\/#primaryimage","url":"https:\/\/web.smtraductores.com\/wp-content\/uploads\/sites\/3\/2021\/02\/04115858\/shutterstock_1022975599.jpg","contentUrl":"https:\/\/web.smtraductores.com\/wp-content\/uploads\/sites\/3\/2021\/02\/04115858\/shutterstock_1022975599.jpg","width":1000,"height":312},{"@type":"BreadcrumbList","@id":"https:\/\/www.smtraductores.com\/fr-fr\/notre-equipe\/#breadcrumb","itemListElement":[{"@type":"ListItem","position":1,"name":"Portada","item":"https:\/\/www.smtraductores.com\/fr-fr\/"},{"@type":"ListItem","position":2,"name":"Notre \u00e9quipe"}]},{"@type":"WebSite","@id":"https:\/\/www.smtraductores.com\/fr-fr\/#website","url":"https:\/\/www.smtraductores.com\/fr-fr\/","name":"Sol Marzellier Traductores - Le vrai sense","description":"Otro sitio m\u00e1s de Sol Marzellier Traductores sitios","potentialAction":[{"@type":"SearchAction","target":{"@type":"EntryPoint","urlTemplate":"https:\/\/www.smtraductores.com\/fr-fr\/?s={search_term_string}"},"query-input":{"@type":"PropertyValueSpecification","valueRequired":true,"valueName":"search_term_string"}}],"inLanguage":"fr-FR"}]}},"_links":{"self":[{"href":"https:\/\/www.smtraductores.com\/fr-fr\/wp-json\/wp\/v2\/pages\/6","targetHints":{"allow":["GET"]}}],"collection":[{"href":"https:\/\/www.smtraductores.com\/fr-fr\/wp-json\/wp\/v2\/pages"}],"about":[{"href":"https:\/\/www.smtraductores.com\/fr-fr\/wp-json\/wp\/v2\/types\/page"}],"author":[{"embeddable":true,"href":"https:\/\/www.smtraductores.com\/fr-fr\/wp-json\/wp\/v2\/users\/1"}],"replies":[{"embeddable":true,"href":"https:\/\/www.smtraductores.com\/fr-fr\/wp-json\/wp\/v2\/comments?post=6"}],"version-history":[{"count":3,"href":"https:\/\/www.smtraductores.com\/fr-fr\/wp-json\/wp\/v2\/pages\/6\/revisions"}],"predecessor-version":[{"id":280,"href":"https:\/\/www.smtraductores.com\/fr-fr\/wp-json\/wp\/v2\/pages\/6\/revisions\/280"}],"wp:featuredmedia":[{"embeddable":true,"href":"https:\/\/www.smtraductores.com\/fr-fr\/wp-json\/wp\/v2\/media\/203"}],"wp:attachment":[{"href":"https:\/\/www.smtraductores.com\/fr-fr\/wp-json\/wp\/v2\/media?parent=6"}],"curies":[{"name":"wp","href":"https:\/\/api.w.org\/{rel}","templated":true}]}}