{"id":184,"date":"2022-02-14T08:36:53","date_gmt":"2022-02-14T08:36:53","guid":{"rendered":"https:\/\/www.smtraductores.com\/pt-pt\/?page_id=184"},"modified":"2022-02-14T09:26:19","modified_gmt":"2022-02-14T09:26:19","slug":"condicoes-de-servico%ef%bf%bc","status":"publish","type":"page","link":"https:\/\/www.smtraductores.com\/pt-pt\/condicoes-de-servico%ef%bf%bc\/","title":{"rendered":"Condi\u00e7\u00f5es de servi\u00e7o"},"content":{"rendered":"\n<ul class=\"wp-block-list\"><li>O compromisso de <strong>Sol Marzellier Traductores<\/strong> perante os seus clientes consiste em entregar projetos de qualidade, realizados por Tradutores nativos no prazo acordado.<\/li><li>Salvo estipulado o contr\u00e1rio, os servi\u00e7os ser\u00e3o pagos de forma independente, de acordo com o or\u00e7amento correspondente. <strong>Um suplemento de 25%<\/strong> ser\u00e1 aplicado em casos de urg\u00eancia, e um de <strong>50%<\/strong> se o projeto tiver de ser gerido em dias n\u00e3o \u00fateis. Aplicar-se-\u00e3o igualmente descontos por volume ou n\u00famero de servi\u00e7os contratados.<\/li><li>A <strong>Sol Marzellier Traductores<\/strong> aceita pagamentos mediante transfer\u00eancia banc\u00e1ria ou Paypal, sem responsabilizar-se por comiss\u00f5es cobradas. Ao estar domiciliada na Uni\u00e3o Europeia, todo o pagamento em divisa diferente do Euro dever\u00e1 ser ajustado de acordo com o tipo de c\u00e2mbio em vigor, com o objetivo de n\u00e3o haver nenhum preju\u00edzo econ\u00f3mico.<\/li><li>Apesar do pagamento ter de ser feito no dia seguinte ao da entrega do trabalho, a <strong>Sol Marzellier Traductores <\/strong>estabelece um prazo m\u00e1ximo de <strong>30 dias calend\u00e1rios a contar da fatura<\/strong>, a qual ser\u00e1 remetida via e-mail, exceto para projetos de grande alcance (consulte-nos).<\/li><li>Quando uma fatura estiver pendente de pagamento, o cliente receber\u00e1 um lembrete <strong>no dia \u00fatil seguinte<\/strong>. A <strong>Sol Marzellier Traductores<\/strong> n\u00e3o aceitar\u00e1 nenhum trabalho adicional vindo de um cliente enquanto tiver faturas que permane\u00e7am em d\u00edvida.<\/li><li>Em caso de persist\u00eancia da situa\u00e7\u00e3o e de aus\u00eancia de resposta por parte do cliente aquando do primeiro lembrete, receber\u00e1 um segundo lembrete num prazo de <strong>tr\u00eas dias \u00fateis<\/strong> e um \u00faltimo lembrete num prazo de <strong>cinco dias \u00fateis.<\/strong><\/li><li>Se o cliente continuar sem responder e a fatura continuar pendente de pagamento, a <strong>Sol Marzellier Traductores<\/strong> n\u00e3o hesitar\u00e1 em tomar de imediato todas as a\u00e7\u00f5es legais que julgar pertinentes, contatando a sua ag\u00eancia de cobran\u00e7as ou o seu advogado habitual e aplicando juros de mora conforme lei em vigor.<\/li><li>Pedimos aos clientes que tenham dificuldades na hora de pagar as nossas faturas que entrem em contato com a <strong>Sol Marzellier Traductores <\/strong>sem demora, de prefer\u00eancia antes da data de vencimento, para acordarem um calend\u00e1rio de pagamentos.<\/li><li>A <strong>Sol Marzellier Traductores <\/strong>solicitar\u00e1 aos clientes que pagam continuamente as suas faturas com atraso, o pagamento de<strong> 25% antecipados <\/strong>ao contratar futuros servi\u00e7os. A <strong>Sol Marzellier Traductores <\/strong>pode igualmente requerer o pagamento antecipado do projeto na sua totalidade e, em \u00faltima inst\u00e2ncia, cessar a sua rela\u00e7\u00e3o com tais clientes.<\/li><li><\/li><\/ul>\n","protected":false},"excerpt":{"rendered":"<p>O compromisso de Sol Marzellier Traductores perante os seus clientes consiste em entregar projetos de qualidade, realizados por Tradutores nativos no prazo acordado. Salvo estipulado o contr\u00e1rio, os servi\u00e7os ser\u00e3o pagos de forma independente, de acordo com o or\u00e7amento correspondente. Um suplemento de 25% ser\u00e1 aplicado em casos de urg\u00eancia, e um de 50% se [&hellip;]<\/p>\n","protected":false},"author":1,"featured_media":196,"parent":0,"menu_order":0,"comment_status":"closed","ping_status":"closed","template":"templates\/template-legal.php","meta":{"footnotes":""},"class_list":["post-184","page","type-page","status-publish","has-post-thumbnail","hentry"],"yoast_head":"<!-- This site is optimized with the Yoast SEO plugin v24.9 - https:\/\/yoast.com\/wordpress\/plugins\/seo\/ -->\n<title>Condi\u00e7\u00f5es de servi\u00e7o - Sol Marzellier Traductores - O sentido genu\u00edno<\/title>\n<meta name=\"robots\" content=\"index, follow, max-snippet:-1, max-image-preview:large, max-video-preview:-1\" \/>\n<link rel=\"canonical\" href=\"https:\/\/www.smtraductores.com\/pt-pt\/condicoes-de-servico\ufffc\/\" \/>\n<meta property=\"og:locale\" content=\"pt_PT\" \/>\n<meta property=\"og:type\" content=\"article\" \/>\n<meta property=\"og:title\" content=\"Condi\u00e7\u00f5es de servi\u00e7o - Sol Marzellier Traductores - O sentido genu\u00edno\" \/>\n<meta property=\"og:description\" content=\"O compromisso de Sol Marzellier Traductores perante os seus clientes consiste em entregar projetos de qualidade, realizados por Tradutores nativos no prazo acordado. Salvo estipulado o contr\u00e1rio, os servi\u00e7os ser\u00e3o pagos de forma independente, de acordo com o or\u00e7amento correspondente. Um suplemento de 25% ser\u00e1 aplicado em casos de urg\u00eancia, e um de 50% se [&hellip;]\" \/>\n<meta property=\"og:url\" content=\"https:\/\/www.smtraductores.com\/pt-pt\/condicoes-de-servico\ufffc\/\" \/>\n<meta property=\"og:site_name\" content=\"Sol Marzellier Traductores - O sentido genu\u00edno\" \/>\n<meta property=\"article:modified_time\" content=\"2022-02-14T09:26:19+00:00\" \/>\n<meta property=\"og:image\" content=\"https:\/\/web.smtraductores.com\/wp-content\/uploads\/sites\/4\/2022\/02\/14090516\/holanda-1024x280-1.jpg\" \/>\n\t<meta property=\"og:image:width\" content=\"1024\" \/>\n\t<meta property=\"og:image:height\" content=\"280\" \/>\n\t<meta property=\"og:image:type\" content=\"image\/jpeg\" \/>\n<meta name=\"twitter:card\" content=\"summary_large_image\" \/>\n<meta name=\"twitter:label1\" content=\"Tempo estimado de leitura\" \/>\n\t<meta name=\"twitter:data1\" content=\"3 minutos\" \/>\n<script type=\"application\/ld+json\" class=\"yoast-schema-graph\">{\"@context\":\"https:\/\/schema.org\",\"@graph\":[{\"@type\":\"WebPage\",\"@id\":\"https:\/\/www.smtraductores.com\/pt-pt\/condicoes-de-servico%ef%bf%bc\/\",\"url\":\"https:\/\/www.smtraductores.com\/pt-pt\/condicoes-de-servico%ef%bf%bc\/\",\"name\":\"Condi\u00e7\u00f5es de servi\u00e7o - Sol Marzellier Traductores - O sentido genu\u00edno\",\"isPartOf\":{\"@id\":\"https:\/\/www.smtraductores.com\/pt-pt\/#website\"},\"primaryImageOfPage\":{\"@id\":\"https:\/\/www.smtraductores.com\/pt-pt\/condicoes-de-servico%ef%bf%bc\/#primaryimage\"},\"image\":{\"@id\":\"https:\/\/www.smtraductores.com\/pt-pt\/condicoes-de-servico%ef%bf%bc\/#primaryimage\"},\"thumbnailUrl\":\"https:\/\/web.smtraductores.com\/wp-content\/uploads\/sites\/4\/2022\/02\/14090516\/holanda-1024x280-1.jpg\",\"datePublished\":\"2022-02-14T08:36:53+00:00\",\"dateModified\":\"2022-02-14T09:26:19+00:00\",\"breadcrumb\":{\"@id\":\"https:\/\/www.smtraductores.com\/pt-pt\/condicoes-de-servico%ef%bf%bc\/#breadcrumb\"},\"inLanguage\":\"pt-PT\",\"potentialAction\":[{\"@type\":\"ReadAction\",\"target\":[\"https:\/\/www.smtraductores.com\/pt-pt\/condicoes-de-servico%ef%bf%bc\/\"]}]},{\"@type\":\"ImageObject\",\"inLanguage\":\"pt-PT\",\"@id\":\"https:\/\/www.smtraductores.com\/pt-pt\/condicoes-de-servico%ef%bf%bc\/#primaryimage\",\"url\":\"https:\/\/web.smtraductores.com\/wp-content\/uploads\/sites\/4\/2022\/02\/14090516\/holanda-1024x280-1.jpg\",\"contentUrl\":\"https:\/\/web.smtraductores.com\/wp-content\/uploads\/sites\/4\/2022\/02\/14090516\/holanda-1024x280-1.jpg\",\"width\":1024,\"height\":280},{\"@type\":\"BreadcrumbList\",\"@id\":\"https:\/\/www.smtraductores.com\/pt-pt\/condicoes-de-servico%ef%bf%bc\/#breadcrumb\",\"itemListElement\":[{\"@type\":\"ListItem\",\"position\":1,\"name\":\"Portada\",\"item\":\"https:\/\/www.smtraductores.com\/pt-pt\/\"},{\"@type\":\"ListItem\",\"position\":2,\"name\":\"Condi\u00e7\u00f5es de servi\u00e7o\"}]},{\"@type\":\"WebSite\",\"@id\":\"https:\/\/www.smtraductores.com\/pt-pt\/#website\",\"url\":\"https:\/\/www.smtraductores.com\/pt-pt\/\",\"name\":\"Sol Marzellier Traductores - O sentido genu\u00edno\",\"description\":\"Otro sitio m\u00e1s de Sol Marzellier Traductores sitios\",\"potentialAction\":[{\"@type\":\"SearchAction\",\"target\":{\"@type\":\"EntryPoint\",\"urlTemplate\":\"https:\/\/www.smtraductores.com\/pt-pt\/?s={search_term_string}\"},\"query-input\":{\"@type\":\"PropertyValueSpecification\",\"valueRequired\":true,\"valueName\":\"search_term_string\"}}],\"inLanguage\":\"pt-PT\"}]}<\/script>\n<!-- \/ Yoast SEO plugin. -->","yoast_head_json":{"title":"Condi\u00e7\u00f5es de servi\u00e7o - Sol Marzellier Traductores - O sentido genu\u00edno","robots":{"index":"index","follow":"follow","max-snippet":"max-snippet:-1","max-image-preview":"max-image-preview:large","max-video-preview":"max-video-preview:-1"},"canonical":"https:\/\/www.smtraductores.com\/pt-pt\/condicoes-de-servico\ufffc\/","og_locale":"pt_PT","og_type":"article","og_title":"Condi\u00e7\u00f5es de servi\u00e7o - Sol Marzellier Traductores - O sentido genu\u00edno","og_description":"O compromisso de Sol Marzellier Traductores perante os seus clientes consiste em entregar projetos de qualidade, realizados por Tradutores nativos no prazo acordado. Salvo estipulado o contr\u00e1rio, os servi\u00e7os ser\u00e3o pagos de forma independente, de acordo com o or\u00e7amento correspondente. Um suplemento de 25% ser\u00e1 aplicado em casos de urg\u00eancia, e um de 50% se [&hellip;]","og_url":"https:\/\/www.smtraductores.com\/pt-pt\/condicoes-de-servico\ufffc\/","og_site_name":"Sol Marzellier Traductores - O sentido genu\u00edno","article_modified_time":"2022-02-14T09:26:19+00:00","og_image":[{"width":1024,"height":280,"url":"https:\/\/web.smtraductores.com\/wp-content\/uploads\/sites\/4\/2022\/02\/14090516\/holanda-1024x280-1.jpg","type":"image\/jpeg"}],"twitter_card":"summary_large_image","twitter_misc":{"Tempo estimado de leitura":"3 minutos"},"schema":{"@context":"https:\/\/schema.org","@graph":[{"@type":"WebPage","@id":"https:\/\/www.smtraductores.com\/pt-pt\/condicoes-de-servico%ef%bf%bc\/","url":"https:\/\/www.smtraductores.com\/pt-pt\/condicoes-de-servico%ef%bf%bc\/","name":"Condi\u00e7\u00f5es de servi\u00e7o - Sol Marzellier Traductores - O sentido genu\u00edno","isPartOf":{"@id":"https:\/\/www.smtraductores.com\/pt-pt\/#website"},"primaryImageOfPage":{"@id":"https:\/\/www.smtraductores.com\/pt-pt\/condicoes-de-servico%ef%bf%bc\/#primaryimage"},"image":{"@id":"https:\/\/www.smtraductores.com\/pt-pt\/condicoes-de-servico%ef%bf%bc\/#primaryimage"},"thumbnailUrl":"https:\/\/web.smtraductores.com\/wp-content\/uploads\/sites\/4\/2022\/02\/14090516\/holanda-1024x280-1.jpg","datePublished":"2022-02-14T08:36:53+00:00","dateModified":"2022-02-14T09:26:19+00:00","breadcrumb":{"@id":"https:\/\/www.smtraductores.com\/pt-pt\/condicoes-de-servico%ef%bf%bc\/#breadcrumb"},"inLanguage":"pt-PT","potentialAction":[{"@type":"ReadAction","target":["https:\/\/www.smtraductores.com\/pt-pt\/condicoes-de-servico%ef%bf%bc\/"]}]},{"@type":"ImageObject","inLanguage":"pt-PT","@id":"https:\/\/www.smtraductores.com\/pt-pt\/condicoes-de-servico%ef%bf%bc\/#primaryimage","url":"https:\/\/web.smtraductores.com\/wp-content\/uploads\/sites\/4\/2022\/02\/14090516\/holanda-1024x280-1.jpg","contentUrl":"https:\/\/web.smtraductores.com\/wp-content\/uploads\/sites\/4\/2022\/02\/14090516\/holanda-1024x280-1.jpg","width":1024,"height":280},{"@type":"BreadcrumbList","@id":"https:\/\/www.smtraductores.com\/pt-pt\/condicoes-de-servico%ef%bf%bc\/#breadcrumb","itemListElement":[{"@type":"ListItem","position":1,"name":"Portada","item":"https:\/\/www.smtraductores.com\/pt-pt\/"},{"@type":"ListItem","position":2,"name":"Condi\u00e7\u00f5es de servi\u00e7o"}]},{"@type":"WebSite","@id":"https:\/\/www.smtraductores.com\/pt-pt\/#website","url":"https:\/\/www.smtraductores.com\/pt-pt\/","name":"Sol Marzellier Traductores - O sentido genu\u00edno","description":"Otro sitio m\u00e1s de Sol Marzellier Traductores sitios","potentialAction":[{"@type":"SearchAction","target":{"@type":"EntryPoint","urlTemplate":"https:\/\/www.smtraductores.com\/pt-pt\/?s={search_term_string}"},"query-input":{"@type":"PropertyValueSpecification","valueRequired":true,"valueName":"search_term_string"}}],"inLanguage":"pt-PT"}]}},"_links":{"self":[{"href":"https:\/\/www.smtraductores.com\/pt-pt\/wp-json\/wp\/v2\/pages\/184","targetHints":{"allow":["GET"]}}],"collection":[{"href":"https:\/\/www.smtraductores.com\/pt-pt\/wp-json\/wp\/v2\/pages"}],"about":[{"href":"https:\/\/www.smtraductores.com\/pt-pt\/wp-json\/wp\/v2\/types\/page"}],"author":[{"embeddable":true,"href":"https:\/\/www.smtraductores.com\/pt-pt\/wp-json\/wp\/v2\/users\/1"}],"replies":[{"embeddable":true,"href":"https:\/\/www.smtraductores.com\/pt-pt\/wp-json\/wp\/v2\/comments?post=184"}],"version-history":[{"count":7,"href":"https:\/\/www.smtraductores.com\/pt-pt\/wp-json\/wp\/v2\/pages\/184\/revisions"}],"predecessor-version":[{"id":195,"href":"https:\/\/www.smtraductores.com\/pt-pt\/wp-json\/wp\/v2\/pages\/184\/revisions\/195"}],"wp:featuredmedia":[{"embeddable":true,"href":"https:\/\/www.smtraductores.com\/pt-pt\/wp-json\/wp\/v2\/media\/196"}],"wp:attachment":[{"href":"https:\/\/www.smtraductores.com\/pt-pt\/wp-json\/wp\/v2\/media?parent=184"}],"curies":[{"name":"wp","href":"https:\/\/api.w.org\/{rel}","templated":true}]}}