{"id":19,"date":"2022-02-03T07:27:29","date_gmt":"2022-02-03T07:27:29","guid":{"rendered":"https:\/\/www.smtraductores.com\/pt-pt\/?page_id=19"},"modified":"2022-02-14T08:25:58","modified_gmt":"2022-02-14T08:25:58","slug":"contato","status":"publish","type":"page","link":"https:\/\/www.smtraductores.com\/pt-pt\/contato\/","title":{"rendered":"Contato"},"content":{"rendered":"<div class=\"wpforms-container wpforms-container-full\" id=\"wpforms-180\"><form id=\"wpforms-form-180\" class=\"wpforms-validate wpforms-form wpforms-ajax-form\" data-formid=\"180\" method=\"post\" enctype=\"multipart\/form-data\" action=\"\/pt-pt\/wp-json\/wp\/v2\/pages\/19?wpforms_form_id=180\" data-token=\"2f0751ee2d552f2f8f24bb8d5ff24a16\"><noscript class=\"wpforms-error-noscript\">Please enable JavaScript in your browser to complete this form.<\/noscript><div class=\"wpforms-field-container\"><div id=\"wpforms-180-field_0-container\" class=\"wpforms-field wpforms-field-name\" data-field-id=\"0\"><label class=\"wpforms-field-label\" for=\"wpforms-180-field_0\">Nome <span class=\"wpforms-required-label\">*<\/span><\/label><div class=\"wpforms-field-row wpforms-field-medium\"><div class=\"wpforms-field-row-block wpforms-first wpforms-one-half\"><input type=\"text\" id=\"wpforms-180-field_0\" class=\"wpforms-field-name-first wpforms-field-required\" name=\"wpforms[fields][0][first]\" required><label for=\"wpforms-180-field_0\" class=\"wpforms-field-sublabel after \">First<\/label><\/div><div class=\"wpforms-field-row-block wpforms-one-half\"><input type=\"text\" id=\"wpforms-180-field_0-last\" class=\"wpforms-field-name-last wpforms-field-required\" name=\"wpforms[fields][0][last]\" required><label for=\"wpforms-180-field_0-last\" class=\"wpforms-field-sublabel after \">Last<\/label><\/div><\/div><\/div><div id=\"wpforms-180-field_7-container\" class=\"wpforms-field wpforms-field-phone\" data-field-id=\"7\"><label class=\"wpforms-field-label\" for=\"wpforms-180-field_7\">N\u00famero de telefone <span class=\"wpforms-required-label\">*<\/span><\/label><input type=\"tel\" id=\"wpforms-180-field_7\" class=\"wpforms-field-small wpforms-field-required wpforms-smart-phone-field\" data-rule-smart-phone-field=\"true\" name=\"wpforms[fields][7]\" required><\/div><div id=\"wpforms-180-field_1-container\" class=\"wpforms-field wpforms-field-email\" data-field-id=\"1\"><label class=\"wpforms-field-label\" for=\"wpforms-180-field_1\">E-mail <span class=\"wpforms-required-label\">*<\/span><\/label><input type=\"email\" id=\"wpforms-180-field_1\" class=\"wpforms-field-small wpforms-field-required\" name=\"wpforms[fields][1]\" required><\/div><div id=\"wpforms-180-field_8-container\" class=\"wpforms-field wpforms-field-select wpforms-field-select-style-classic\" data-field-id=\"8\"><label class=\"wpforms-field-label\" for=\"wpforms-180-field_8\">Como nos conheceu? <span class=\"wpforms-required-label\">*<\/span><\/label><select id=\"wpforms-180-field_8\" class=\"wpforms-field-medium wpforms-field-required\" name=\"wpforms[fields][8]\" required=\"required\"><option value=\"Pesquisa no Google\"  selected='selected'>Pesquisa no Google<\/option><option value=\"Recomenda\u00e7\u00e3o\" >Recomenda\u00e7\u00e3o<\/option><option value=\"A\u00e7\u00e3o de marketing direta\" >A\u00e7\u00e3o de marketing direta<\/option><option value=\"Redes sociais\" >Redes sociais<\/option><option value=\"Outros\" >Outros<\/option><\/select><\/div><div id=\"wpforms-180-field_9-container\" class=\"wpforms-field wpforms-field-file-upload\" data-field-id=\"9\"><label class=\"wpforms-field-label\" for=\"wpforms-180-field_9\">Arquivos<\/label><div\n\t\tclass=\"wpforms-uploader\"\n\t\tdata-field-id=\"9\"\n\t\tdata-form-id=\"180\"\n\t\tdata-input-name=\"wpforms_180_9\"\n\t\tdata-extensions=\"jpg,jpeg,jpe,png,gif,mov,qt,avif,avi,mpeg,mpg,mpe,3gp,3gpp,3g2,3gp2,mid,midi,pdf,doc,docx,docm,pot,pps,ppt,pptx,pptm,odt,ppsx,ppsm,xla,xls,xlt,xlw,xlsx,xlsm,xlsb,key,mp3,m4a,m4b,ogg,oga,flac,wav,x-wav,mp4,m4v,webm,ogv\"\n\t\tdata-max-size=\"15360000\"\n\t\tdata-max-file-number=\"1\"\n\t\tdata-post-max-size=\"15360000\"\n\t\tdata-max-parallel-uploads=\"4\"\n\t\tdata-parallel-uploads=\"true\"\n\t\tdata-file-chunk-size=\"2097152\">\n\t<div class=\"dz-message\">\n\t\t<svg viewBox=\"0 0 1024 1024\" focusable=\"false\" data-icon=\"inbox\" width=\"50px\" height=\"50px\" fill=\"#b1b1b1\" aria-hidden=\"true\">\n\t\t\t<path d=\"M885.2 446.3l-.2-.8-112.2-285.1c-5-16.1-19.9-27.2-36.8-27.2H281.2c-17 0-32.1 11.3-36.9 27.6L139.4 443l-.3.7-.2.8c-1.3 4.9-1.7 9.9-1 14.8-.1 1.6-.2 3.2-.2 4.8V830a60.9 60.9 0 0 0 60.8 60.8h627.2c33.5 0 60.8-27.3 60.9-60.8V464.1c0-1.3 0-2.6-.1-3.7.4-4.9 0-9.6-1.3-14.1zm-295.8-43l-.3 15.7c-.8 44.9-31.8 75.1-77.1 75.1-22.1 0-41.1-7.1-54.8-20.6S436 441.2 435.6 419l-.3-15.7H229.5L309 210h399.2l81.7 193.3H589.4zm-375 76.8h157.3c24.3 57.1 76 90.8 140.4 90.8 33.7 0 65-9.4 90.3-27.2 22.2-15.6 39.5-37.4 50.7-63.6h156.5V814H214.4V480.1z\"><\/path>\n\t\t<\/svg>\n\t\t<span class=\"modern-title\">Click or drag a file to this area to upload.<\/span>\n\n\t\t\t<\/div>\n<\/div>\n<input\n\t\ttype=\"text\"\n\t\tautocomplete=\"off\"\n\t\tclass=\"dropzone-input\"\n\t\tstyle=\"position:absolute!important;clip:rect(0,0,0,0)!important;height:1px!important;width:1px!important;border:0!important;overflow:hidden!important;padding:0!important;margin:0!important;\"\n\t\tid=\"wpforms-180-field_9\"\n\t\tname=\"wpforms_180_9\" \t\tvalue=\"\">\n<\/div><div id=\"wpforms-180-field_2-container\" class=\"wpforms-field wpforms-field-textarea\" data-field-id=\"2\"><label class=\"wpforms-field-label\" for=\"wpforms-180-field_2\">Sua mensagem <span class=\"wpforms-required-label\">*<\/span><\/label><textarea id=\"wpforms-180-field_2\" class=\"wpforms-field-medium wpforms-field-required\" name=\"wpforms[fields][2]\" required><\/textarea><\/div><div id=\"wpforms-180-field_3-container\" class=\"wpforms-field wpforms-field-checkbox\" data-field-id=\"3\"><label class=\"wpforms-field-label\" for=\"wpforms-180-field_3\">Em cumprimento com o estabelecido no RGPD: <span class=\"wpforms-required-label\">*<\/span><\/label><ul id=\"wpforms-180-field_3\" class=\"wpforms-field-required\"><li class=\"choice-1 depth-1\"><input type=\"checkbox\" id=\"wpforms-180-field_3_1\" name=\"wpforms[fields][3][]\" value=\"a Pol\u00edtica de Confidencialidade e Prote\u00e7\u00e3o de dados\" required ><label class=\"wpforms-field-label-inline\" for=\"wpforms-180-field_3_1\">a Pol\u00edtica de Confidencialidade e Prote\u00e7\u00e3o de dados<\/label><\/li><\/ul><div class=\"wpforms-field-description\">A respons\u00e1vel pelo tratamento \u00e9 SOL MARZELLIER DE PABLO. A finalidade da recolha de dados consiste em poder atender \u00e0s suas perguntas, sem ceder seus dados a terceiros. Tem o direito de conhecer a informa\u00e7\u00e3o da qual dispomos acerca de si e corrigi-la ou elimin\u00e1-la, tal como a nossa Pol\u00edtica de Confidencialidade e a Prote\u00e7\u00e3o de Dados o estipulam.<\/div><\/div><\/div><div class=\"wpforms-submit-container\"><input type=\"hidden\" name=\"wpforms[id]\" value=\"180\"><input type=\"hidden\" name=\"wpforms[author]\" value=\"1\"><button type=\"submit\" name=\"wpforms[submit]\" id=\"wpforms-submit-180\" class=\"wpforms-submit\" data-alt-text=\"Enviando...\" data-submit-text=\"Enviar\" aria-live=\"assertive\" value=\"wpforms-submit\">Enviar<\/button><img loading=\"lazy\" decoding=\"async\" src=\"https:\/\/www.smtraductores.com\/pt-pt\/wp-content\/plugins\/wpforms\/assets\/images\/submit-spin.svg\" class=\"wpforms-submit-spinner\" style=\"display: none;\" width=\"26\" height=\"26\" alt=\"Loading\"><\/div><\/form><\/div>  <!-- .wpforms-container -->","protected":false},"excerpt":{"rendered":"","protected":false},"author":1,"featured_media":179,"parent":0,"menu_order":0,"comment_status":"closed","ping_status":"closed","template":"templates\/template-contact.php","meta":{"footnotes":""},"class_list":["post-19","page","type-page","status-publish","has-post-thumbnail","hentry"],"yoast_head":"<!-- This site is optimized with the Yoast SEO plugin v24.9 - https:\/\/yoast.com\/wordpress\/plugins\/seo\/ -->\n<title>Contato - Sol Marzellier Traductores - O sentido genu\u00edno<\/title>\n<meta name=\"robots\" content=\"index, follow, max-snippet:-1, max-image-preview:large, max-video-preview:-1\" \/>\n<link rel=\"canonical\" href=\"https:\/\/www.smtraductores.com\/pt-pt\/contato\/\" \/>\n<meta property=\"og:locale\" content=\"pt_PT\" \/>\n<meta property=\"og:type\" content=\"article\" \/>\n<meta property=\"og:title\" content=\"Contato - Sol Marzellier Traductores - O sentido genu\u00edno\" \/>\n<meta property=\"og:url\" content=\"https:\/\/www.smtraductores.com\/pt-pt\/contato\/\" \/>\n<meta property=\"og:site_name\" content=\"Sol Marzellier Traductores - O sentido genu\u00edno\" \/>\n<meta property=\"article:modified_time\" content=\"2022-02-14T08:25:58+00:00\" \/>\n<meta property=\"og:image\" content=\"https:\/\/web.smtraductores.com\/wp-content\/uploads\/sites\/4\/2022\/02\/14081402\/shutterstock_556870582-scaled.jpg\" \/>\n\t<meta property=\"og:image:width\" content=\"2560\" \/>\n\t<meta property=\"og:image:height\" content=\"1706\" \/>\n\t<meta property=\"og:image:type\" content=\"image\/jpeg\" \/>\n<meta name=\"twitter:card\" content=\"summary_large_image\" \/>\n<script type=\"application\/ld+json\" class=\"yoast-schema-graph\">{\"@context\":\"https:\/\/schema.org\",\"@graph\":[{\"@type\":\"WebPage\",\"@id\":\"https:\/\/www.smtraductores.com\/pt-pt\/contato\/\",\"url\":\"https:\/\/www.smtraductores.com\/pt-pt\/contato\/\",\"name\":\"Contato - Sol Marzellier Traductores - O sentido genu\u00edno\",\"isPartOf\":{\"@id\":\"https:\/\/www.smtraductores.com\/pt-pt\/#website\"},\"primaryImageOfPage\":{\"@id\":\"https:\/\/www.smtraductores.com\/pt-pt\/contato\/#primaryimage\"},\"image\":{\"@id\":\"https:\/\/www.smtraductores.com\/pt-pt\/contato\/#primaryimage\"},\"thumbnailUrl\":\"https:\/\/web.smtraductores.com\/wp-content\/uploads\/sites\/4\/2022\/02\/14081402\/shutterstock_556870582-scaled.jpg\",\"datePublished\":\"2022-02-03T07:27:29+00:00\",\"dateModified\":\"2022-02-14T08:25:58+00:00\",\"breadcrumb\":{\"@id\":\"https:\/\/www.smtraductores.com\/pt-pt\/contato\/#breadcrumb\"},\"inLanguage\":\"pt-PT\",\"potentialAction\":[{\"@type\":\"ReadAction\",\"target\":[\"https:\/\/www.smtraductores.com\/pt-pt\/contato\/\"]}]},{\"@type\":\"ImageObject\",\"inLanguage\":\"pt-PT\",\"@id\":\"https:\/\/www.smtraductores.com\/pt-pt\/contato\/#primaryimage\",\"url\":\"https:\/\/web.smtraductores.com\/wp-content\/uploads\/sites\/4\/2022\/02\/14081402\/shutterstock_556870582-scaled.jpg\",\"contentUrl\":\"https:\/\/web.smtraductores.com\/wp-content\/uploads\/sites\/4\/2022\/02\/14081402\/shutterstock_556870582-scaled.jpg\",\"width\":2560,\"height\":1706},{\"@type\":\"BreadcrumbList\",\"@id\":\"https:\/\/www.smtraductores.com\/pt-pt\/contato\/#breadcrumb\",\"itemListElement\":[{\"@type\":\"ListItem\",\"position\":1,\"name\":\"Portada\",\"item\":\"https:\/\/www.smtraductores.com\/pt-pt\/\"},{\"@type\":\"ListItem\",\"position\":2,\"name\":\"Contato\"}]},{\"@type\":\"WebSite\",\"@id\":\"https:\/\/www.smtraductores.com\/pt-pt\/#website\",\"url\":\"https:\/\/www.smtraductores.com\/pt-pt\/\",\"name\":\"Sol Marzellier Traductores - O sentido genu\u00edno\",\"description\":\"Otro sitio m\u00e1s de Sol Marzellier Traductores sitios\",\"potentialAction\":[{\"@type\":\"SearchAction\",\"target\":{\"@type\":\"EntryPoint\",\"urlTemplate\":\"https:\/\/www.smtraductores.com\/pt-pt\/?s={search_term_string}\"},\"query-input\":{\"@type\":\"PropertyValueSpecification\",\"valueRequired\":true,\"valueName\":\"search_term_string\"}}],\"inLanguage\":\"pt-PT\"}]}<\/script>\n<!-- \/ Yoast SEO plugin. -->","yoast_head_json":{"title":"Contato - Sol Marzellier Traductores - O sentido genu\u00edno","robots":{"index":"index","follow":"follow","max-snippet":"max-snippet:-1","max-image-preview":"max-image-preview:large","max-video-preview":"max-video-preview:-1"},"canonical":"https:\/\/www.smtraductores.com\/pt-pt\/contato\/","og_locale":"pt_PT","og_type":"article","og_title":"Contato - Sol Marzellier Traductores - O sentido genu\u00edno","og_url":"https:\/\/www.smtraductores.com\/pt-pt\/contato\/","og_site_name":"Sol Marzellier Traductores - O sentido genu\u00edno","article_modified_time":"2022-02-14T08:25:58+00:00","og_image":[{"width":2560,"height":1706,"url":"https:\/\/web.smtraductores.com\/wp-content\/uploads\/sites\/4\/2022\/02\/14081402\/shutterstock_556870582-scaled.jpg","type":"image\/jpeg"}],"twitter_card":"summary_large_image","schema":{"@context":"https:\/\/schema.org","@graph":[{"@type":"WebPage","@id":"https:\/\/www.smtraductores.com\/pt-pt\/contato\/","url":"https:\/\/www.smtraductores.com\/pt-pt\/contato\/","name":"Contato - Sol Marzellier Traductores - O sentido genu\u00edno","isPartOf":{"@id":"https:\/\/www.smtraductores.com\/pt-pt\/#website"},"primaryImageOfPage":{"@id":"https:\/\/www.smtraductores.com\/pt-pt\/contato\/#primaryimage"},"image":{"@id":"https:\/\/www.smtraductores.com\/pt-pt\/contato\/#primaryimage"},"thumbnailUrl":"https:\/\/web.smtraductores.com\/wp-content\/uploads\/sites\/4\/2022\/02\/14081402\/shutterstock_556870582-scaled.jpg","datePublished":"2022-02-03T07:27:29+00:00","dateModified":"2022-02-14T08:25:58+00:00","breadcrumb":{"@id":"https:\/\/www.smtraductores.com\/pt-pt\/contato\/#breadcrumb"},"inLanguage":"pt-PT","potentialAction":[{"@type":"ReadAction","target":["https:\/\/www.smtraductores.com\/pt-pt\/contato\/"]}]},{"@type":"ImageObject","inLanguage":"pt-PT","@id":"https:\/\/www.smtraductores.com\/pt-pt\/contato\/#primaryimage","url":"https:\/\/web.smtraductores.com\/wp-content\/uploads\/sites\/4\/2022\/02\/14081402\/shutterstock_556870582-scaled.jpg","contentUrl":"https:\/\/web.smtraductores.com\/wp-content\/uploads\/sites\/4\/2022\/02\/14081402\/shutterstock_556870582-scaled.jpg","width":2560,"height":1706},{"@type":"BreadcrumbList","@id":"https:\/\/www.smtraductores.com\/pt-pt\/contato\/#breadcrumb","itemListElement":[{"@type":"ListItem","position":1,"name":"Portada","item":"https:\/\/www.smtraductores.com\/pt-pt\/"},{"@type":"ListItem","position":2,"name":"Contato"}]},{"@type":"WebSite","@id":"https:\/\/www.smtraductores.com\/pt-pt\/#website","url":"https:\/\/www.smtraductores.com\/pt-pt\/","name":"Sol Marzellier Traductores - O sentido genu\u00edno","description":"Otro sitio m\u00e1s de Sol Marzellier Traductores sitios","potentialAction":[{"@type":"SearchAction","target":{"@type":"EntryPoint","urlTemplate":"https:\/\/www.smtraductores.com\/pt-pt\/?s={search_term_string}"},"query-input":{"@type":"PropertyValueSpecification","valueRequired":true,"valueName":"search_term_string"}}],"inLanguage":"pt-PT"}]}},"_links":{"self":[{"href":"https:\/\/www.smtraductores.com\/pt-pt\/wp-json\/wp\/v2\/pages\/19","targetHints":{"allow":["GET"]}}],"collection":[{"href":"https:\/\/www.smtraductores.com\/pt-pt\/wp-json\/wp\/v2\/pages"}],"about":[{"href":"https:\/\/www.smtraductores.com\/pt-pt\/wp-json\/wp\/v2\/types\/page"}],"author":[{"embeddable":true,"href":"https:\/\/www.smtraductores.com\/pt-pt\/wp-json\/wp\/v2\/users\/1"}],"replies":[{"embeddable":true,"href":"https:\/\/www.smtraductores.com\/pt-pt\/wp-json\/wp\/v2\/comments?post=19"}],"version-history":[{"count":2,"href":"https:\/\/www.smtraductores.com\/pt-pt\/wp-json\/wp\/v2\/pages\/19\/revisions"}],"predecessor-version":[{"id":181,"href":"https:\/\/www.smtraductores.com\/pt-pt\/wp-json\/wp\/v2\/pages\/19\/revisions\/181"}],"wp:featuredmedia":[{"embeddable":true,"href":"https:\/\/www.smtraductores.com\/pt-pt\/wp-json\/wp\/v2\/media\/179"}],"wp:attachment":[{"href":"https:\/\/www.smtraductores.com\/pt-pt\/wp-json\/wp\/v2\/media?parent=19"}],"curies":[{"name":"wp","href":"https:\/\/api.w.org\/{rel}","templated":true}]}}