{"id":21,"date":"2022-02-03T07:27:51","date_gmt":"2022-02-03T07:27:51","guid":{"rendered":"https:\/\/www.smtraductores.com\/pt-pt\/?page_id=21"},"modified":"2022-02-14T08:12:00","modified_gmt":"2022-02-14T08:12:00","slug":"nossos-servicos","status":"publish","type":"page","link":"https:\/\/www.smtraductores.com\/pt-pt\/nossos-servicos\/","title":{"rendered":"Nossos servi\u00e7os"},"content":{"rendered":"\n<h2 class=\"wp-block-heading\" id=\"traduzir-e-arte\">Traduzir \u00e9 arte<\/h2>\n\n\n\n<p>A arte de permitir \u00e0s pessoas comunicarem entre si e entenderem-se para al\u00e9m do puramente literal.<\/p>\n","protected":false},"excerpt":{"rendered":"<p>Traduzir \u00e9 arte A arte de permitir \u00e0s pessoas comunicarem entre si e entenderem-se para al\u00e9m do puramente literal.<\/p>\n","protected":false},"author":1,"featured_media":161,"parent":0,"menu_order":0,"comment_status":"closed","ping_status":"closed","template":"templates\/template-service.php","meta":{"footnotes":""},"class_list":["post-21","page","type-page","status-publish","has-post-thumbnail","hentry"],"yoast_head":"<!-- This site is optimized with the Yoast SEO plugin v24.9 - https:\/\/yoast.com\/wordpress\/plugins\/seo\/ -->\n<title>Nossos servi\u00e7os - Sol Marzellier Traductores - O sentido genu\u00edno<\/title>\n<meta name=\"robots\" content=\"index, follow, max-snippet:-1, max-image-preview:large, max-video-preview:-1\" \/>\n<link rel=\"canonical\" href=\"https:\/\/www.smtraductores.com\/pt-pt\/nossos-servicos\/\" \/>\n<meta property=\"og:locale\" content=\"pt_PT\" \/>\n<meta property=\"og:type\" content=\"article\" \/>\n<meta property=\"og:title\" content=\"Nossos servi\u00e7os - Sol Marzellier Traductores - O sentido genu\u00edno\" \/>\n<meta property=\"og:description\" content=\"Traduzir \u00e9 arte A arte de permitir \u00e0s pessoas comunicarem entre si e entenderem-se para al\u00e9m do puramente literal.\" \/>\n<meta property=\"og:url\" content=\"https:\/\/www.smtraductores.com\/pt-pt\/nossos-servicos\/\" \/>\n<meta property=\"og:site_name\" content=\"Sol Marzellier Traductores - O sentido genu\u00edno\" \/>\n<meta property=\"article:modified_time\" content=\"2022-02-14T08:12:00+00:00\" \/>\n<meta property=\"og:image\" content=\"https:\/\/web.smtraductores.com\/wp-content\/uploads\/sites\/4\/2022\/02\/14070342\/shutterstock_188781878-scaled.jpg\" \/>\n\t<meta property=\"og:image:width\" content=\"2560\" \/>\n\t<meta property=\"og:image:height\" content=\"1695\" \/>\n\t<meta property=\"og:image:type\" content=\"image\/jpeg\" \/>\n<meta name=\"twitter:card\" content=\"summary_large_image\" \/>\n<meta name=\"twitter:label1\" content=\"Tempo estimado de leitura\" \/>\n\t<meta name=\"twitter:data1\" content=\"1 minuto\" \/>\n<script type=\"application\/ld+json\" class=\"yoast-schema-graph\">{\"@context\":\"https:\/\/schema.org\",\"@graph\":[{\"@type\":\"WebPage\",\"@id\":\"https:\/\/www.smtraductores.com\/pt-pt\/nossos-servicos\/\",\"url\":\"https:\/\/www.smtraductores.com\/pt-pt\/nossos-servicos\/\",\"name\":\"Nossos servi\u00e7os - Sol Marzellier Traductores - O sentido genu\u00edno\",\"isPartOf\":{\"@id\":\"https:\/\/www.smtraductores.com\/pt-pt\/#website\"},\"primaryImageOfPage\":{\"@id\":\"https:\/\/www.smtraductores.com\/pt-pt\/nossos-servicos\/#primaryimage\"},\"image\":{\"@id\":\"https:\/\/www.smtraductores.com\/pt-pt\/nossos-servicos\/#primaryimage\"},\"thumbnailUrl\":\"https:\/\/web.smtraductores.com\/wp-content\/uploads\/sites\/4\/2022\/02\/14070342\/shutterstock_188781878-scaled.jpg\",\"datePublished\":\"2022-02-03T07:27:51+00:00\",\"dateModified\":\"2022-02-14T08:12:00+00:00\",\"breadcrumb\":{\"@id\":\"https:\/\/www.smtraductores.com\/pt-pt\/nossos-servicos\/#breadcrumb\"},\"inLanguage\":\"pt-PT\",\"potentialAction\":[{\"@type\":\"ReadAction\",\"target\":[\"https:\/\/www.smtraductores.com\/pt-pt\/nossos-servicos\/\"]}]},{\"@type\":\"ImageObject\",\"inLanguage\":\"pt-PT\",\"@id\":\"https:\/\/www.smtraductores.com\/pt-pt\/nossos-servicos\/#primaryimage\",\"url\":\"https:\/\/web.smtraductores.com\/wp-content\/uploads\/sites\/4\/2022\/02\/14070342\/shutterstock_188781878-scaled.jpg\",\"contentUrl\":\"https:\/\/web.smtraductores.com\/wp-content\/uploads\/sites\/4\/2022\/02\/14070342\/shutterstock_188781878-scaled.jpg\",\"width\":2560,\"height\":1695},{\"@type\":\"BreadcrumbList\",\"@id\":\"https:\/\/www.smtraductores.com\/pt-pt\/nossos-servicos\/#breadcrumb\",\"itemListElement\":[{\"@type\":\"ListItem\",\"position\":1,\"name\":\"Portada\",\"item\":\"https:\/\/www.smtraductores.com\/pt-pt\/\"},{\"@type\":\"ListItem\",\"position\":2,\"name\":\"Nossos servi\u00e7os\"}]},{\"@type\":\"WebSite\",\"@id\":\"https:\/\/www.smtraductores.com\/pt-pt\/#website\",\"url\":\"https:\/\/www.smtraductores.com\/pt-pt\/\",\"name\":\"Sol Marzellier Traductores - O sentido genu\u00edno\",\"description\":\"Otro sitio m\u00e1s de Sol Marzellier Traductores sitios\",\"potentialAction\":[{\"@type\":\"SearchAction\",\"target\":{\"@type\":\"EntryPoint\",\"urlTemplate\":\"https:\/\/www.smtraductores.com\/pt-pt\/?s={search_term_string}\"},\"query-input\":{\"@type\":\"PropertyValueSpecification\",\"valueRequired\":true,\"valueName\":\"search_term_string\"}}],\"inLanguage\":\"pt-PT\"}]}<\/script>\n<!-- \/ Yoast SEO plugin. -->","yoast_head_json":{"title":"Nossos servi\u00e7os - Sol Marzellier Traductores - O sentido genu\u00edno","robots":{"index":"index","follow":"follow","max-snippet":"max-snippet:-1","max-image-preview":"max-image-preview:large","max-video-preview":"max-video-preview:-1"},"canonical":"https:\/\/www.smtraductores.com\/pt-pt\/nossos-servicos\/","og_locale":"pt_PT","og_type":"article","og_title":"Nossos servi\u00e7os - Sol Marzellier Traductores - O sentido genu\u00edno","og_description":"Traduzir \u00e9 arte A arte de permitir \u00e0s pessoas comunicarem entre si e entenderem-se para al\u00e9m do puramente literal.","og_url":"https:\/\/www.smtraductores.com\/pt-pt\/nossos-servicos\/","og_site_name":"Sol Marzellier Traductores - O sentido genu\u00edno","article_modified_time":"2022-02-14T08:12:00+00:00","og_image":[{"width":2560,"height":1695,"url":"https:\/\/web.smtraductores.com\/wp-content\/uploads\/sites\/4\/2022\/02\/14070342\/shutterstock_188781878-scaled.jpg","type":"image\/jpeg"}],"twitter_card":"summary_large_image","twitter_misc":{"Tempo estimado de leitura":"1 minuto"},"schema":{"@context":"https:\/\/schema.org","@graph":[{"@type":"WebPage","@id":"https:\/\/www.smtraductores.com\/pt-pt\/nossos-servicos\/","url":"https:\/\/www.smtraductores.com\/pt-pt\/nossos-servicos\/","name":"Nossos servi\u00e7os - Sol Marzellier Traductores - O sentido genu\u00edno","isPartOf":{"@id":"https:\/\/www.smtraductores.com\/pt-pt\/#website"},"primaryImageOfPage":{"@id":"https:\/\/www.smtraductores.com\/pt-pt\/nossos-servicos\/#primaryimage"},"image":{"@id":"https:\/\/www.smtraductores.com\/pt-pt\/nossos-servicos\/#primaryimage"},"thumbnailUrl":"https:\/\/web.smtraductores.com\/wp-content\/uploads\/sites\/4\/2022\/02\/14070342\/shutterstock_188781878-scaled.jpg","datePublished":"2022-02-03T07:27:51+00:00","dateModified":"2022-02-14T08:12:00+00:00","breadcrumb":{"@id":"https:\/\/www.smtraductores.com\/pt-pt\/nossos-servicos\/#breadcrumb"},"inLanguage":"pt-PT","potentialAction":[{"@type":"ReadAction","target":["https:\/\/www.smtraductores.com\/pt-pt\/nossos-servicos\/"]}]},{"@type":"ImageObject","inLanguage":"pt-PT","@id":"https:\/\/www.smtraductores.com\/pt-pt\/nossos-servicos\/#primaryimage","url":"https:\/\/web.smtraductores.com\/wp-content\/uploads\/sites\/4\/2022\/02\/14070342\/shutterstock_188781878-scaled.jpg","contentUrl":"https:\/\/web.smtraductores.com\/wp-content\/uploads\/sites\/4\/2022\/02\/14070342\/shutterstock_188781878-scaled.jpg","width":2560,"height":1695},{"@type":"BreadcrumbList","@id":"https:\/\/www.smtraductores.com\/pt-pt\/nossos-servicos\/#breadcrumb","itemListElement":[{"@type":"ListItem","position":1,"name":"Portada","item":"https:\/\/www.smtraductores.com\/pt-pt\/"},{"@type":"ListItem","position":2,"name":"Nossos servi\u00e7os"}]},{"@type":"WebSite","@id":"https:\/\/www.smtraductores.com\/pt-pt\/#website","url":"https:\/\/www.smtraductores.com\/pt-pt\/","name":"Sol Marzellier Traductores - O sentido genu\u00edno","description":"Otro sitio m\u00e1s de Sol Marzellier Traductores sitios","potentialAction":[{"@type":"SearchAction","target":{"@type":"EntryPoint","urlTemplate":"https:\/\/www.smtraductores.com\/pt-pt\/?s={search_term_string}"},"query-input":{"@type":"PropertyValueSpecification","valueRequired":true,"valueName":"search_term_string"}}],"inLanguage":"pt-PT"}]}},"_links":{"self":[{"href":"https:\/\/www.smtraductores.com\/pt-pt\/wp-json\/wp\/v2\/pages\/21","targetHints":{"allow":["GET"]}}],"collection":[{"href":"https:\/\/www.smtraductores.com\/pt-pt\/wp-json\/wp\/v2\/pages"}],"about":[{"href":"https:\/\/www.smtraductores.com\/pt-pt\/wp-json\/wp\/v2\/types\/page"}],"author":[{"embeddable":true,"href":"https:\/\/www.smtraductores.com\/pt-pt\/wp-json\/wp\/v2\/users\/1"}],"replies":[{"embeddable":true,"href":"https:\/\/www.smtraductores.com\/pt-pt\/wp-json\/wp\/v2\/comments?post=21"}],"version-history":[{"count":2,"href":"https:\/\/www.smtraductores.com\/pt-pt\/wp-json\/wp\/v2\/pages\/21\/revisions"}],"predecessor-version":[{"id":178,"href":"https:\/\/www.smtraductores.com\/pt-pt\/wp-json\/wp\/v2\/pages\/21\/revisions\/178"}],"wp:featuredmedia":[{"embeddable":true,"href":"https:\/\/www.smtraductores.com\/pt-pt\/wp-json\/wp\/v2\/media\/161"}],"wp:attachment":[{"href":"https:\/\/www.smtraductores.com\/pt-pt\/wp-json\/wp\/v2\/media?parent=21"}],"curies":[{"name":"wp","href":"https:\/\/api.w.org\/{rel}","templated":true}]}}