{"id":8,"date":"2021-06-10T05:58:47","date_gmt":"2021-06-10T05:58:47","guid":{"rendered":"https:\/\/www.smtraductores.com\/pt-pt\/?page_id=8"},"modified":"2022-02-08T09:09:22","modified_gmt":"2022-02-08T09:09:22","slug":"nossa-equipe","status":"publish","type":"page","link":"https:\/\/www.smtraductores.com\/pt-pt\/nossa-equipe\/","title":{"rendered":"Nossa equipe"},"content":{"rendered":"\n<h2 class=\"wp-block-heading\" id=\"a-nossa-filosofia\">A nossa filosofia<\/h2>\n\n\n\n<p><\/p>\n\n\n\n<p>A qualidade do nosso trabalho e a satisfa\u00e7\u00e3o dos nossos clientes.<\/p>\n\n\n\n<p>A nossa filosofia baseia-se nos valores chave seguintes: Confian\u00e7a, transpar\u00eancia, pontualidade, adaptabilidade, integridade e bem-estar. Estamos ao lado dos nossos clientes durante todo o prazo que cobre o projeto, atuando inclusive como consultores.<\/p>\n\n\n\n<p>O desenvolvimento do nosso trabalho assenta igualmente noutro valor chave hoje em dia: a tradu\u00e7\u00e3o humana, a \u00fanica que pode lidar com as terminologias t\u00e3o espec\u00edficas utilizadas nas nossas \u00e1reas de especializa\u00e7\u00e3o.<\/p>\n","protected":false},"excerpt":{"rendered":"<p>A nossa filosofia A qualidade do nosso trabalho e a satisfa\u00e7\u00e3o dos nossos clientes. A nossa filosofia baseia-se nos valores chave seguintes: Confian\u00e7a, transpar\u00eancia, pontualidade, adaptabilidade, integridade e bem-estar. Estamos ao lado dos nossos clientes durante todo o prazo que cobre o projeto, atuando inclusive como consultores. O desenvolvimento do nosso trabalho assenta igualmente noutro [&hellip;]<\/p>\n","protected":false},"author":1,"featured_media":90,"parent":0,"menu_order":0,"comment_status":"closed","ping_status":"closed","template":"templates\/template-about.php","meta":{"footnotes":""},"class_list":["post-8","page","type-page","status-publish","has-post-thumbnail","hentry"],"yoast_head":"<!-- This site is optimized with the Yoast SEO plugin v24.9 - https:\/\/yoast.com\/wordpress\/plugins\/seo\/ -->\n<title>Nossa equipe - Sol Marzellier Traductores - O sentido genu\u00edno<\/title>\n<meta name=\"robots\" content=\"index, follow, max-snippet:-1, max-image-preview:large, max-video-preview:-1\" \/>\n<link rel=\"canonical\" href=\"https:\/\/www.smtraductores.com\/pt-pt\/nossa-equipe\/\" \/>\n<meta property=\"og:locale\" content=\"pt_PT\" \/>\n<meta property=\"og:type\" content=\"article\" \/>\n<meta property=\"og:title\" content=\"Nossa equipe - Sol Marzellier Traductores - O sentido genu\u00edno\" \/>\n<meta property=\"og:description\" content=\"A nossa filosofia A qualidade do nosso trabalho e a satisfa\u00e7\u00e3o dos nossos clientes. A nossa filosofia baseia-se nos valores chave seguintes: Confian\u00e7a, transpar\u00eancia, pontualidade, adaptabilidade, integridade e bem-estar. Estamos ao lado dos nossos clientes durante todo o prazo que cobre o projeto, atuando inclusive como consultores. O desenvolvimento do nosso trabalho assenta igualmente noutro [&hellip;]\" \/>\n<meta property=\"og:url\" content=\"https:\/\/www.smtraductores.com\/pt-pt\/nossa-equipe\/\" \/>\n<meta property=\"og:site_name\" content=\"Sol Marzellier Traductores - O sentido genu\u00edno\" \/>\n<meta property=\"article:modified_time\" content=\"2022-02-08T09:09:22+00:00\" \/>\n<meta property=\"og:image\" content=\"https:\/\/web.smtraductores.com\/wp-content\/uploads\/sites\/4\/2022\/02\/08083846\/shutterstock_1022975599.jpg\" \/>\n\t<meta property=\"og:image:width\" content=\"1000\" \/>\n\t<meta property=\"og:image:height\" content=\"312\" \/>\n\t<meta property=\"og:image:type\" content=\"image\/jpeg\" \/>\n<meta name=\"twitter:card\" content=\"summary_large_image\" \/>\n<meta name=\"twitter:label1\" content=\"Tempo estimado de leitura\" \/>\n\t<meta name=\"twitter:data1\" content=\"1 minuto\" \/>\n<script type=\"application\/ld+json\" class=\"yoast-schema-graph\">{\"@context\":\"https:\/\/schema.org\",\"@graph\":[{\"@type\":\"WebPage\",\"@id\":\"https:\/\/www.smtraductores.com\/pt-pt\/nossa-equipe\/\",\"url\":\"https:\/\/www.smtraductores.com\/pt-pt\/nossa-equipe\/\",\"name\":\"Nossa equipe - Sol Marzellier Traductores - O sentido genu\u00edno\",\"isPartOf\":{\"@id\":\"https:\/\/www.smtraductores.com\/pt-pt\/#website\"},\"primaryImageOfPage\":{\"@id\":\"https:\/\/www.smtraductores.com\/pt-pt\/nossa-equipe\/#primaryimage\"},\"image\":{\"@id\":\"https:\/\/www.smtraductores.com\/pt-pt\/nossa-equipe\/#primaryimage\"},\"thumbnailUrl\":\"https:\/\/web.smtraductores.com\/wp-content\/uploads\/sites\/4\/2022\/02\/08083846\/shutterstock_1022975599.jpg\",\"datePublished\":\"2021-06-10T05:58:47+00:00\",\"dateModified\":\"2022-02-08T09:09:22+00:00\",\"breadcrumb\":{\"@id\":\"https:\/\/www.smtraductores.com\/pt-pt\/nossa-equipe\/#breadcrumb\"},\"inLanguage\":\"pt-PT\",\"potentialAction\":[{\"@type\":\"ReadAction\",\"target\":[\"https:\/\/www.smtraductores.com\/pt-pt\/nossa-equipe\/\"]}]},{\"@type\":\"ImageObject\",\"inLanguage\":\"pt-PT\",\"@id\":\"https:\/\/www.smtraductores.com\/pt-pt\/nossa-equipe\/#primaryimage\",\"url\":\"https:\/\/web.smtraductores.com\/wp-content\/uploads\/sites\/4\/2022\/02\/08083846\/shutterstock_1022975599.jpg\",\"contentUrl\":\"https:\/\/web.smtraductores.com\/wp-content\/uploads\/sites\/4\/2022\/02\/08083846\/shutterstock_1022975599.jpg\",\"width\":1000,\"height\":312},{\"@type\":\"BreadcrumbList\",\"@id\":\"https:\/\/www.smtraductores.com\/pt-pt\/nossa-equipe\/#breadcrumb\",\"itemListElement\":[{\"@type\":\"ListItem\",\"position\":1,\"name\":\"Portada\",\"item\":\"https:\/\/www.smtraductores.com\/pt-pt\/\"},{\"@type\":\"ListItem\",\"position\":2,\"name\":\"Nossa equipe\"}]},{\"@type\":\"WebSite\",\"@id\":\"https:\/\/www.smtraductores.com\/pt-pt\/#website\",\"url\":\"https:\/\/www.smtraductores.com\/pt-pt\/\",\"name\":\"Sol Marzellier Traductores - O sentido genu\u00edno\",\"description\":\"Otro sitio m\u00e1s de Sol Marzellier Traductores sitios\",\"potentialAction\":[{\"@type\":\"SearchAction\",\"target\":{\"@type\":\"EntryPoint\",\"urlTemplate\":\"https:\/\/www.smtraductores.com\/pt-pt\/?s={search_term_string}\"},\"query-input\":{\"@type\":\"PropertyValueSpecification\",\"valueRequired\":true,\"valueName\":\"search_term_string\"}}],\"inLanguage\":\"pt-PT\"}]}<\/script>\n<!-- \/ Yoast SEO plugin. -->","yoast_head_json":{"title":"Nossa equipe - Sol Marzellier Traductores - O sentido genu\u00edno","robots":{"index":"index","follow":"follow","max-snippet":"max-snippet:-1","max-image-preview":"max-image-preview:large","max-video-preview":"max-video-preview:-1"},"canonical":"https:\/\/www.smtraductores.com\/pt-pt\/nossa-equipe\/","og_locale":"pt_PT","og_type":"article","og_title":"Nossa equipe - Sol Marzellier Traductores - O sentido genu\u00edno","og_description":"A nossa filosofia A qualidade do nosso trabalho e a satisfa\u00e7\u00e3o dos nossos clientes. A nossa filosofia baseia-se nos valores chave seguintes: Confian\u00e7a, transpar\u00eancia, pontualidade, adaptabilidade, integridade e bem-estar. Estamos ao lado dos nossos clientes durante todo o prazo que cobre o projeto, atuando inclusive como consultores. O desenvolvimento do nosso trabalho assenta igualmente noutro [&hellip;]","og_url":"https:\/\/www.smtraductores.com\/pt-pt\/nossa-equipe\/","og_site_name":"Sol Marzellier Traductores - O sentido genu\u00edno","article_modified_time":"2022-02-08T09:09:22+00:00","og_image":[{"width":1000,"height":312,"url":"https:\/\/web.smtraductores.com\/wp-content\/uploads\/sites\/4\/2022\/02\/08083846\/shutterstock_1022975599.jpg","type":"image\/jpeg"}],"twitter_card":"summary_large_image","twitter_misc":{"Tempo estimado de leitura":"1 minuto"},"schema":{"@context":"https:\/\/schema.org","@graph":[{"@type":"WebPage","@id":"https:\/\/www.smtraductores.com\/pt-pt\/nossa-equipe\/","url":"https:\/\/www.smtraductores.com\/pt-pt\/nossa-equipe\/","name":"Nossa equipe - Sol Marzellier Traductores - O sentido genu\u00edno","isPartOf":{"@id":"https:\/\/www.smtraductores.com\/pt-pt\/#website"},"primaryImageOfPage":{"@id":"https:\/\/www.smtraductores.com\/pt-pt\/nossa-equipe\/#primaryimage"},"image":{"@id":"https:\/\/www.smtraductores.com\/pt-pt\/nossa-equipe\/#primaryimage"},"thumbnailUrl":"https:\/\/web.smtraductores.com\/wp-content\/uploads\/sites\/4\/2022\/02\/08083846\/shutterstock_1022975599.jpg","datePublished":"2021-06-10T05:58:47+00:00","dateModified":"2022-02-08T09:09:22+00:00","breadcrumb":{"@id":"https:\/\/www.smtraductores.com\/pt-pt\/nossa-equipe\/#breadcrumb"},"inLanguage":"pt-PT","potentialAction":[{"@type":"ReadAction","target":["https:\/\/www.smtraductores.com\/pt-pt\/nossa-equipe\/"]}]},{"@type":"ImageObject","inLanguage":"pt-PT","@id":"https:\/\/www.smtraductores.com\/pt-pt\/nossa-equipe\/#primaryimage","url":"https:\/\/web.smtraductores.com\/wp-content\/uploads\/sites\/4\/2022\/02\/08083846\/shutterstock_1022975599.jpg","contentUrl":"https:\/\/web.smtraductores.com\/wp-content\/uploads\/sites\/4\/2022\/02\/08083846\/shutterstock_1022975599.jpg","width":1000,"height":312},{"@type":"BreadcrumbList","@id":"https:\/\/www.smtraductores.com\/pt-pt\/nossa-equipe\/#breadcrumb","itemListElement":[{"@type":"ListItem","position":1,"name":"Portada","item":"https:\/\/www.smtraductores.com\/pt-pt\/"},{"@type":"ListItem","position":2,"name":"Nossa equipe"}]},{"@type":"WebSite","@id":"https:\/\/www.smtraductores.com\/pt-pt\/#website","url":"https:\/\/www.smtraductores.com\/pt-pt\/","name":"Sol Marzellier Traductores - O sentido genu\u00edno","description":"Otro sitio m\u00e1s de Sol Marzellier Traductores sitios","potentialAction":[{"@type":"SearchAction","target":{"@type":"EntryPoint","urlTemplate":"https:\/\/www.smtraductores.com\/pt-pt\/?s={search_term_string}"},"query-input":{"@type":"PropertyValueSpecification","valueRequired":true,"valueName":"search_term_string"}}],"inLanguage":"pt-PT"}]}},"_links":{"self":[{"href":"https:\/\/www.smtraductores.com\/pt-pt\/wp-json\/wp\/v2\/pages\/8","targetHints":{"allow":["GET"]}}],"collection":[{"href":"https:\/\/www.smtraductores.com\/pt-pt\/wp-json\/wp\/v2\/pages"}],"about":[{"href":"https:\/\/www.smtraductores.com\/pt-pt\/wp-json\/wp\/v2\/types\/page"}],"author":[{"embeddable":true,"href":"https:\/\/www.smtraductores.com\/pt-pt\/wp-json\/wp\/v2\/users\/1"}],"replies":[{"embeddable":true,"href":"https:\/\/www.smtraductores.com\/pt-pt\/wp-json\/wp\/v2\/comments?post=8"}],"version-history":[{"count":3,"href":"https:\/\/www.smtraductores.com\/pt-pt\/wp-json\/wp\/v2\/pages\/8\/revisions"}],"predecessor-version":[{"id":93,"href":"https:\/\/www.smtraductores.com\/pt-pt\/wp-json\/wp\/v2\/pages\/8\/revisions\/93"}],"wp:featuredmedia":[{"embeddable":true,"href":"https:\/\/www.smtraductores.com\/pt-pt\/wp-json\/wp\/v2\/media\/90"}],"wp:attachment":[{"href":"https:\/\/www.smtraductores.com\/pt-pt\/wp-json\/wp\/v2\/media?parent=8"}],"curies":[{"name":"wp","href":"https:\/\/api.w.org\/{rel}","templated":true}]}}